{"id":9371,"date":"2023-02-16T18:08:16","date_gmt":"2023-02-16T18:08:16","guid":{"rendered":"https:\/\/www.hoteldewereld.nl\/lebensmittel\/aufenthaltsraum\/"},"modified":"2023-02-16T18:08:16","modified_gmt":"2023-02-16T18:08:16","slug":"aufenthaltsraum","status":"publish","type":"page","link":"https:\/\/www.hoteldewereld.nl\/de\/lebensmittel\/aufenthaltsraum\/","title":{"rendered":"Aufenthaltsraum"},"content":{"rendered":"<div class=\"wpb-content-wrapper\"><p>[vc_row css_animation=&#8220;&#8220; row_type=&#8220;row&#8220; use_row_as_full_screen_section=&#8220;no&#8220; type=&#8220;full_width&#8220; angled_section=&#8220;no&#8220; text_align=&#8220;left&#8220; background_image_as_pattern=&#8220;without_pattern&#8220;][vc_column][vc_column_text]<\/p>\n<p style=\"text-align: center;\">Machen Sie es sich in unserer gem\u00fctlichen Lounge bei einem leckeren Mittagessen gem\u00fctlich oder nehmen Sie Platz im Wintergarten bei einer Tasse Kaffee und einem St\u00fcck hausgemachten Kuchen. Genie\u00dfen Sie am Abend ein gutes Glas Wein oder einen erfrischenden Cocktail mit kleinen H\u00e4ppchen dazu. Im Sommer nutzen wir die ger\u00e4umige Terrasse in unserem Wintergarten, indem wir unsere Schiebet\u00fcren \u00f6ffnen!<\/p>\n<p>[\/vc_column_text][vc_empty_space height=&#8220;20px&#8220;][\/vc_column][\/vc_row][vc_row css_animation=&#8220;&#8220; row_type=&#8220;row&#8220; use_row_as_full_screen_section=&#8220;no&#8220; type=&#8220;full_width&#8220; angled_section=&#8220;no&#8220; text_align=&#8220;left&#8220; background_image_as_pattern=&#8220;without_pattern&#8220;][vc_column][vc_gallery type=&#8220;image_grid&#8220; images=&#8220;7072,6563,7075,6560&#8243; img_size=&#8220;400&#215;400&#8243; column_number=&#8220;4&#8243; grayscale=&#8220;no&#8220; images_space=&#8220;gallery_without_space&#8220;][\/vc_column][\/vc_row]<\/p>\n<\/div>","protected":false},"excerpt":{"rendered":"<p>[vc_row css_animation=&#8220;&#8220; row_type=&#8220;row&#8220; use_row_as_full_screen_section=&#8220;no&#8220; type=&#8220;full_width&#8220; angled_section=&#8220;no&#8220; text_align=&#8220;left&#8220; background_image_as_pattern=&#8220;without_pattern&#8220;][vc_column][vc_column_text] Machen Sie es sich in unserer gem\u00fctlichen Lounge bei einem leckeren Mittagessen gem\u00fctlich oder nehmen Sie Platz im Wintergarten bei einer Tasse Kaffee und einem St\u00fcck hausgemachten Kuchen. Genie\u00dfen Sie am Abend ein gutes Glas Wein oder einen erfrischenden Cocktail mit kleinen&#8230;<\/p>\n","protected":false},"author":1,"featured_media":0,"parent":9341,"menu_order":0,"comment_status":"closed","ping_status":"closed","template":"page_restaurant.php","meta":{"_acf_changed":false,"_joinchat":[],"footnotes":""},"class_list":["post-9371","page","type-page","status-publish","hentry"],"acf":[],"yoast_head":"<!-- This site is optimized with the Yoast SEO plugin v27.1.1 - https:\/\/yoast.com\/product\/yoast-seo-wordpress\/ -->\n<title>Aufenthaltsraum - Hotel de Wereld<\/title>\n<meta name=\"description\" content=\"Genie\u00dfen Sie ein leckeres Mittagessen oder eine Tasse Kaffee mit einem St\u00fcck hausgemachten Kuchen in der Lounge von Hotel de Wereld Wereld.\" \/>\n<meta name=\"robots\" content=\"index, follow, max-snippet:-1, max-image-preview:large, max-video-preview:-1\" \/>\n<link rel=\"canonical\" href=\"https:\/\/www.hoteldewereld.nl\/de\/lebensmittel\/aufenthaltsraum\/\" \/>\n<meta property=\"og:locale\" content=\"de_DE\" \/>\n<meta property=\"og:type\" content=\"article\" \/>\n<meta property=\"og:title\" content=\"Aufenthaltsraum - Hotel de Wereld\" \/>\n<meta property=\"og:description\" content=\"Genie\u00dfen Sie ein leckeres Mittagessen oder eine Tasse Kaffee mit einem St\u00fcck hausgemachten Kuchen in der Lounge von Hotel de Wereld Wereld.\" \/>\n<meta property=\"og:url\" content=\"https:\/\/www.hoteldewereld.nl\/de\/lebensmittel\/aufenthaltsraum\/\" \/>\n<meta property=\"og:site_name\" content=\"Hotel de Wereld\" \/>\n<meta name=\"twitter:card\" content=\"summary_large_image\" \/>\n<meta name=\"twitter:label1\" content=\"Gesch\u00e4tzte Lesezeit\" \/>\n\t<meta name=\"twitter:data1\" content=\"1\u00a0Minute\" \/>\n<script type=\"application\/ld+json\" class=\"yoast-schema-graph\">{\"@context\":\"https:\/\/schema.org\",\"@graph\":[{\"@type\":\"WebPage\",\"@id\":\"https:\/\/www.hoteldewereld.nl\/de\/lebensmittel\/aufenthaltsraum\/\",\"url\":\"https:\/\/www.hoteldewereld.nl\/de\/lebensmittel\/aufenthaltsraum\/\",\"name\":\"Aufenthaltsraum - Hotel de Wereld\",\"isPartOf\":{\"@id\":\"https:\/\/www.hoteldewereld.nl\/de\/#website\"},\"datePublished\":\"2023-02-16T18:08:16+00:00\",\"description\":\"Genie\u00dfen Sie ein leckeres Mittagessen oder eine Tasse Kaffee mit einem St\u00fcck hausgemachten Kuchen in der Lounge von Hotel de Wereld Wereld.\",\"breadcrumb\":{\"@id\":\"https:\/\/www.hoteldewereld.nl\/de\/lebensmittel\/aufenthaltsraum\/#breadcrumb\"},\"inLanguage\":\"de\",\"potentialAction\":[{\"@type\":\"ReadAction\",\"target\":[\"https:\/\/www.hoteldewereld.nl\/de\/lebensmittel\/aufenthaltsraum\/\"]}]},{\"@type\":\"BreadcrumbList\",\"@id\":\"https:\/\/www.hoteldewereld.nl\/de\/lebensmittel\/aufenthaltsraum\/#breadcrumb\",\"itemListElement\":[{\"@type\":\"ListItem\",\"position\":1,\"name\":\"Lebensmittel\",\"item\":\"https:\/\/www.hoteldewereld.nl\/de\/lebensmittel\/\"},{\"@type\":\"ListItem\",\"position\":2,\"name\":\"Aufenthaltsraum\"}]},{\"@type\":\"WebSite\",\"@id\":\"https:\/\/www.hoteldewereld.nl\/de\/#website\",\"url\":\"https:\/\/www.hoteldewereld.nl\/de\/\",\"name\":\"Hotel de Wereld\",\"description\":\"Waar Vrijheid, Verwennen en Veluwe samenkomen\",\"potentialAction\":[{\"@type\":\"SearchAction\",\"target\":{\"@type\":\"EntryPoint\",\"urlTemplate\":\"https:\/\/www.hoteldewereld.nl\/de\/?s={search_term_string}\"},\"query-input\":{\"@type\":\"PropertyValueSpecification\",\"valueRequired\":true,\"valueName\":\"search_term_string\"}}],\"inLanguage\":\"de\"}]}<\/script>\n<!-- \/ Yoast SEO plugin. -->","yoast_head_json":{"title":"Aufenthaltsraum - Hotel de Wereld","description":"Genie\u00dfen Sie ein leckeres Mittagessen oder eine Tasse Kaffee mit einem St\u00fcck hausgemachten Kuchen in der Lounge von Hotel de Wereld Wereld.","robots":{"index":"index","follow":"follow","max-snippet":"max-snippet:-1","max-image-preview":"max-image-preview:large","max-video-preview":"max-video-preview:-1"},"canonical":"https:\/\/www.hoteldewereld.nl\/de\/lebensmittel\/aufenthaltsraum\/","og_locale":"de_DE","og_type":"article","og_title":"Aufenthaltsraum - Hotel de Wereld","og_description":"Genie\u00dfen Sie ein leckeres Mittagessen oder eine Tasse Kaffee mit einem St\u00fcck hausgemachten Kuchen in der Lounge von Hotel de Wereld Wereld.","og_url":"https:\/\/www.hoteldewereld.nl\/de\/lebensmittel\/aufenthaltsraum\/","og_site_name":"Hotel de Wereld","twitter_card":"summary_large_image","twitter_misc":{"Gesch\u00e4tzte Lesezeit":"1\u00a0Minute"},"schema":{"@context":"https:\/\/schema.org","@graph":[{"@type":"WebPage","@id":"https:\/\/www.hoteldewereld.nl\/de\/lebensmittel\/aufenthaltsraum\/","url":"https:\/\/www.hoteldewereld.nl\/de\/lebensmittel\/aufenthaltsraum\/","name":"Aufenthaltsraum - Hotel de Wereld","isPartOf":{"@id":"https:\/\/www.hoteldewereld.nl\/de\/#website"},"datePublished":"2023-02-16T18:08:16+00:00","description":"Genie\u00dfen Sie ein leckeres Mittagessen oder eine Tasse Kaffee mit einem St\u00fcck hausgemachten Kuchen in der Lounge von Hotel de Wereld Wereld.","breadcrumb":{"@id":"https:\/\/www.hoteldewereld.nl\/de\/lebensmittel\/aufenthaltsraum\/#breadcrumb"},"inLanguage":"de","potentialAction":[{"@type":"ReadAction","target":["https:\/\/www.hoteldewereld.nl\/de\/lebensmittel\/aufenthaltsraum\/"]}]},{"@type":"BreadcrumbList","@id":"https:\/\/www.hoteldewereld.nl\/de\/lebensmittel\/aufenthaltsraum\/#breadcrumb","itemListElement":[{"@type":"ListItem","position":1,"name":"Lebensmittel","item":"https:\/\/www.hoteldewereld.nl\/de\/lebensmittel\/"},{"@type":"ListItem","position":2,"name":"Aufenthaltsraum"}]},{"@type":"WebSite","@id":"https:\/\/www.hoteldewereld.nl\/de\/#website","url":"https:\/\/www.hoteldewereld.nl\/de\/","name":"Hotel de Wereld","description":"Waar Vrijheid, Verwennen en Veluwe samenkomen","potentialAction":[{"@type":"SearchAction","target":{"@type":"EntryPoint","urlTemplate":"https:\/\/www.hoteldewereld.nl\/de\/?s={search_term_string}"},"query-input":{"@type":"PropertyValueSpecification","valueRequired":true,"valueName":"search_term_string"}}],"inLanguage":"de"}]}},"_links":{"self":[{"href":"https:\/\/www.hoteldewereld.nl\/de\/wp-json\/wp\/v2\/pages\/9371","targetHints":{"allow":["GET"]}}],"collection":[{"href":"https:\/\/www.hoteldewereld.nl\/de\/wp-json\/wp\/v2\/pages"}],"about":[{"href":"https:\/\/www.hoteldewereld.nl\/de\/wp-json\/wp\/v2\/types\/page"}],"author":[{"embeddable":true,"href":"https:\/\/www.hoteldewereld.nl\/de\/wp-json\/wp\/v2\/users\/1"}],"replies":[{"embeddable":true,"href":"https:\/\/www.hoteldewereld.nl\/de\/wp-json\/wp\/v2\/comments?post=9371"}],"version-history":[{"count":1,"href":"https:\/\/www.hoteldewereld.nl\/de\/wp-json\/wp\/v2\/pages\/9371\/revisions"}],"predecessor-version":[{"id":9374,"href":"https:\/\/www.hoteldewereld.nl\/de\/wp-json\/wp\/v2\/pages\/9371\/revisions\/9374"}],"up":[{"embeddable":true,"href":"https:\/\/www.hoteldewereld.nl\/de\/wp-json\/wp\/v2\/pages\/9341"}],"wp:attachment":[{"href":"https:\/\/www.hoteldewereld.nl\/de\/wp-json\/wp\/v2\/media?parent=9371"}],"curies":[{"name":"wp","href":"https:\/\/api.w.org\/{rel}","templated":true}]}}