{"id":9356,"date":"2023-02-16T18:07:08","date_gmt":"2023-02-16T18:07:08","guid":{"rendered":"https:\/\/www.hoteldewereld.nl\/uebernachten\/zimmer\/zimmer-xl-cityview\/"},"modified":"2023-02-16T18:07:10","modified_gmt":"2023-02-16T18:07:10","slug":"zimmer-xl-cityview","status":"publish","type":"page","link":"https:\/\/www.hoteldewereld.nl\/de\/uebernachten\/zimmer\/zimmer-xl-cityview\/","title":{"rendered":"Zimmer XL Cityview"},"content":{"rendered":"<div class=\"wpb-content-wrapper\"><p>[vc_row css_animation=&#8220;&#8220; row_type=&#8220;row&#8220; use_row_as_full_screen_section=&#8220;no&#8220; type=&#8220;full_width&#8220; angled_section=&#8220;no&#8220; text_align=&#8220;left&#8220; background_image_as_pattern=&#8220;without_pattern&#8220;][vc_column][vc_column_text]<\/p>\n<p style=\"text-align: center;\">Die ger\u00e4umigen XL Cityview-Zimmer bieten Ihnen Ruhe und Komfort. Unsere XL Cityview-Zimmer verf\u00fcgen \u00fcber zahlreiche Einrichtungen, die Ihren Aufenthalt so angenehm wie m\u00f6glich machen. Wir f\u00fchren Sie auf zeitgem\u00e4\u00dfe Weise durch die Geschichte.<\/p>\n<p>&nbsp;<\/p>\n<p style=\"text-align: center;\">Die XL Cityview Zimmer erz\u00e4hlen die Geschichten von Aletta Jacobs, Nelson Mandela, Martin Luther King, Malala Yousafzai, Mahatma Gandhi und Jesse Owens.<\/p>\n<p>&nbsp;<\/p>\n<p style=\"text-align: center;\">M\u00f6chten Sie lieber bei einem bestimmten Freiheitsk\u00e4mpfer wohnen? Geben Sie uns bei der Buchung Bescheid, und wir werden die Verf\u00fcgbarkeit pr\u00fcfen.<\/p>\n<p>[\/vc_column_text][vc_empty_space height=&#8220;50px&#8220;][\/vc_column][\/vc_row][vc_row css_animation=&#8220;&#8220; row_type=&#8220;row&#8220; use_row_as_full_screen_section=&#8220;no&#8220; type=&#8220;full_width&#8220; angled_section=&#8220;no&#8220; text_align=&#8220;left&#8220; background_image_as_pattern=&#8220;without_pattern&#8220;][vc_column width=&#8220;1\/3&#8243;][vc_gallery interval=&#8220;3&#8243; images=&#8220;7782,7779,7812,7797,7800,7791,7389&#8243; img_size=&#8220;400&#215;400&#8243;][\/vc_column][vc_column width=&#8220;1\/3&#8243;][vc_column_text]<strong>XL CITYVIEW ZIMMER<\/strong><\/p>\n<ul>\n<li>Ger\u00e4umige Zimmer, etwa 30 m2<\/li>\n<li>Klimatisierung<\/li>\n<li>Kostenloses WiFi<\/li>\n<li>Sitzgelegenheiten im Raum<\/li>\n<li>B\u00fcro<\/li>\n<li>Kaffee- und Teezubereitungsm\u00f6glichkeiten<\/li>\n<li>Minibar<\/li>\n<li>Boxspring-Betten<\/li>\n<li>Flachbildschirm-TV mit Netflix<\/li>\n<li>Klimatisierung<\/li>\n<li>Begehbare Dusche<\/li>\n<li>Optional: Bad<\/li>\n<li>Haartrockner<\/li>\n<li>Es besteht die M\u00f6glichkeit, ein zus\u00e4tzliches Bett aufzustellen.<\/li>\n<\/ul>\n<p>[\/vc_column_text][\/vc_column][vc_column width=&#8220;1\/3&#8243;][vc_column_text]<strong>HOTELANLAGEN<\/strong><\/p>\n<ul>\n<li>Einchecken 15:00 bis 00:00<\/li>\n<li>Auschecken 11:00 Uhr.<\/li>\n<li>Fr\u00fchst\u00fccksbuffet<\/li>\n<li>Nicht-Raucher-Zimmer<\/li>\n<li>Kostenloses WIFI<\/li>\n<li>Restaurant und Aufenthaltsraum<\/li>\n<li>Terrasse<\/li>\n<li>Zimmerservice<\/li>\n<li>Sicheres Parken<\/li>\n<\/ul>\n<p>[\/vc_column_text][\/vc_column][\/vc_row][vc_row css_animation=&#8220;&#8220; row_type=&#8220;row&#8220; use_row_as_full_screen_section=&#8220;no&#8220; type=&#8220;full_width&#8220; angled_section=&#8220;no&#8220; text_align=&#8220;left&#8220; background_image_as_pattern=&#8220;without_pattern&#8220;][vc_column][vc_empty_space height=&#8220;20px&#8220;][vc_empty_space height=&#8220;20px&#8220;][vc_empty_space height=&#8220;20px&#8220;][\/vc_column][\/vc_row][vc_row css_animation=&#8220;&#8220; row_type=&#8220;row&#8220; use_row_as_full_screen_section=&#8220;no&#8220; type=&#8220;full_width&#8220; angled_section=&#8220;no&#8220; text_align=&#8220;left&#8220; background_image_as_pattern=&#8220;without_pattern&#8220;][vc_column][vc_column_text]<\/p>\n<h3 style=\"text-align: center;\">Was halten andere von unserem Hotel?<\/h3>\n<p>[\/vc_column_text]<div class='blog_slider_holder clearfix '><div class='blog_slider blog_slider_carousel' data-blogs_shown='3' data-auto_start='false'><ul class='blog_slides'>Sorry, no posts matched your criteria.<\/ul><\/div><\/div>[vc_empty_space height=&#8220;20px&#8220;][\/vc_column][\/vc_row]<\/p>\n<\/div>","protected":false},"excerpt":{"rendered":"<p>[vc_row css_animation=&#8220;&#8220; row_type=&#8220;row&#8220; use_row_as_full_screen_section=&#8220;no&#8220; type=&#8220;full_width&#8220; angled_section=&#8220;no&#8220; text_align=&#8220;left&#8220; background_image_as_pattern=&#8220;without_pattern&#8220;][vc_column][vc_column_text] Die ger\u00e4umigen XL Cityview-Zimmer bieten Ihnen Ruhe und Komfort. Unsere XL Cityview-Zimmer verf\u00fcgen \u00fcber zahlreiche Einrichtungen, die Ihren Aufenthalt so angenehm wie m\u00f6glich machen. Wir f\u00fchren Sie auf zeitgem\u00e4\u00dfe Weise durch die Geschichte. &nbsp; Die XL Cityview Zimmer erz\u00e4hlen die Geschichten von&#8230;<\/p>\n","protected":false},"author":4,"featured_media":7203,"parent":9331,"menu_order":0,"comment_status":"closed","ping_status":"closed","template":"page_hotel.php","meta":{"_acf_changed":false,"_joinchat":[],"footnotes":""},"class_list":["post-9356","page","type-page","status-publish","has-post-thumbnail","hentry"],"acf":[],"yoast_head":"<!-- This site is optimized with the Yoast SEO plugin v27.1.1 - https:\/\/yoast.com\/product\/yoast-seo-wordpress\/ -->\n<title>Zimmer XL Cityview - Hotel de Wereld<\/title>\n<meta name=\"description\" content=\"Die XL-Zimmer mit Stadtblick bieten Ihnen die Ruhe und den Komfort, nach dem Sie sich so sehr sehnen! Ruhe und Frieden, mit Blick auf den 5. Mai-Platz.\" \/>\n<meta name=\"robots\" content=\"index, follow, max-snippet:-1, max-image-preview:large, max-video-preview:-1\" \/>\n<link rel=\"canonical\" href=\"https:\/\/www.hoteldewereld.nl\/de\/uebernachten\/zimmer\/zimmer-xl-cityview\/\" \/>\n<meta property=\"og:locale\" content=\"de_DE\" \/>\n<meta property=\"og:type\" content=\"article\" \/>\n<meta property=\"og:title\" content=\"Zimmer XL Cityview - Hotel de Wereld\" \/>\n<meta property=\"og:description\" content=\"Die XL-Zimmer mit Stadtblick bieten Ihnen die Ruhe und den Komfort, nach dem Sie sich so sehr sehnen! Ruhe und Frieden, mit Blick auf den 5. Mai-Platz.\" \/>\n<meta property=\"og:url\" content=\"https:\/\/www.hoteldewereld.nl\/de\/uebernachten\/zimmer\/zimmer-xl-cityview\/\" \/>\n<meta property=\"og:site_name\" content=\"Hotel de Wereld\" \/>\n<meta property=\"article:modified_time\" content=\"2023-02-16T18:07:10+00:00\" \/>\n<meta property=\"og:image\" content=\"https:\/\/www.hoteldewereld.nl\/wp-content\/uploads\/2021\/06\/20210218-_BMW6845-scaled.jpg\" \/>\n\t<meta property=\"og:image:width\" content=\"2560\" \/>\n\t<meta property=\"og:image:height\" content=\"1707\" \/>\n\t<meta property=\"og:image:type\" content=\"image\/jpeg\" \/>\n<meta name=\"twitter:card\" content=\"summary_large_image\" \/>\n<meta name=\"twitter:label1\" content=\"Gesch\u00e4tzte Lesezeit\" \/>\n\t<meta name=\"twitter:data1\" content=\"2\u00a0Minuten\" \/>\n<script type=\"application\/ld+json\" class=\"yoast-schema-graph\">{\"@context\":\"https:\/\/schema.org\",\"@graph\":[{\"@type\":\"WebPage\",\"@id\":\"https:\/\/www.hoteldewereld.nl\/de\/uebernachten\/zimmer\/zimmer-xl-cityview\/\",\"url\":\"https:\/\/www.hoteldewereld.nl\/de\/uebernachten\/zimmer\/zimmer-xl-cityview\/\",\"name\":\"Zimmer XL Cityview - Hotel de Wereld\",\"isPartOf\":{\"@id\":\"https:\/\/www.hoteldewereld.nl\/de\/#website\"},\"primaryImageOfPage\":{\"@id\":\"https:\/\/www.hoteldewereld.nl\/de\/uebernachten\/zimmer\/zimmer-xl-cityview\/#primaryimage\"},\"image\":{\"@id\":\"https:\/\/www.hoteldewereld.nl\/de\/uebernachten\/zimmer\/zimmer-xl-cityview\/#primaryimage\"},\"thumbnailUrl\":\"https:\/\/www.hoteldewereld.nl\/wp-content\/uploads\/2021\/06\/20210218-_BMW6845-scaled.jpg\",\"datePublished\":\"2023-02-16T18:07:08+00:00\",\"dateModified\":\"2023-02-16T18:07:10+00:00\",\"description\":\"Die XL-Zimmer mit Stadtblick bieten Ihnen die Ruhe und den Komfort, nach dem Sie sich so sehr sehnen! Ruhe und Frieden, mit Blick auf den 5. Mai-Platz.\",\"breadcrumb\":{\"@id\":\"https:\/\/www.hoteldewereld.nl\/de\/uebernachten\/zimmer\/zimmer-xl-cityview\/#breadcrumb\"},\"inLanguage\":\"de\",\"potentialAction\":[{\"@type\":\"ReadAction\",\"target\":[\"https:\/\/www.hoteldewereld.nl\/de\/uebernachten\/zimmer\/zimmer-xl-cityview\/\"]}]},{\"@type\":\"ImageObject\",\"inLanguage\":\"de\",\"@id\":\"https:\/\/www.hoteldewereld.nl\/de\/uebernachten\/zimmer\/zimmer-xl-cityview\/#primaryimage\",\"url\":\"https:\/\/www.hoteldewereld.nl\/wp-content\/uploads\/2021\/06\/20210218-_BMW6845-scaled.jpg\",\"contentUrl\":\"https:\/\/www.hoteldewereld.nl\/wp-content\/uploads\/2021\/06\/20210218-_BMW6845-scaled.jpg\",\"width\":2560,\"height\":1707},{\"@type\":\"BreadcrumbList\",\"@id\":\"https:\/\/www.hoteldewereld.nl\/de\/uebernachten\/zimmer\/zimmer-xl-cityview\/#breadcrumb\",\"itemListElement\":[{\"@type\":\"ListItem\",\"position\":1,\"name\":\"Hotel\",\"item\":\"https:\/\/www.hoteldewereld.nl\/de\/uebernachten\/\"},{\"@type\":\"ListItem\",\"position\":2,\"name\":\"Zimmer\",\"item\":\"https:\/\/www.hoteldewereld.nl\/de\/uebernachten\/zimmer\/\"},{\"@type\":\"ListItem\",\"position\":3,\"name\":\"Zimmer XL Cityview\"}]},{\"@type\":\"WebSite\",\"@id\":\"https:\/\/www.hoteldewereld.nl\/de\/#website\",\"url\":\"https:\/\/www.hoteldewereld.nl\/de\/\",\"name\":\"Hotel de Wereld\",\"description\":\"Waar Vrijheid, Verwennen en Veluwe samenkomen\",\"potentialAction\":[{\"@type\":\"SearchAction\",\"target\":{\"@type\":\"EntryPoint\",\"urlTemplate\":\"https:\/\/www.hoteldewereld.nl\/de\/?s={search_term_string}\"},\"query-input\":{\"@type\":\"PropertyValueSpecification\",\"valueRequired\":true,\"valueName\":\"search_term_string\"}}],\"inLanguage\":\"de\"}]}<\/script>\n<!-- \/ Yoast SEO plugin. -->","yoast_head_json":{"title":"Zimmer XL Cityview - Hotel de Wereld","description":"Die XL-Zimmer mit Stadtblick bieten Ihnen die Ruhe und den Komfort, nach dem Sie sich so sehr sehnen! Ruhe und Frieden, mit Blick auf den 5. Mai-Platz.","robots":{"index":"index","follow":"follow","max-snippet":"max-snippet:-1","max-image-preview":"max-image-preview:large","max-video-preview":"max-video-preview:-1"},"canonical":"https:\/\/www.hoteldewereld.nl\/de\/uebernachten\/zimmer\/zimmer-xl-cityview\/","og_locale":"de_DE","og_type":"article","og_title":"Zimmer XL Cityview - Hotel de Wereld","og_description":"Die XL-Zimmer mit Stadtblick bieten Ihnen die Ruhe und den Komfort, nach dem Sie sich so sehr sehnen! Ruhe und Frieden, mit Blick auf den 5. Mai-Platz.","og_url":"https:\/\/www.hoteldewereld.nl\/de\/uebernachten\/zimmer\/zimmer-xl-cityview\/","og_site_name":"Hotel de Wereld","article_modified_time":"2023-02-16T18:07:10+00:00","og_image":[{"width":2560,"height":1707,"url":"https:\/\/www.hoteldewereld.nl\/wp-content\/uploads\/2021\/06\/20210218-_BMW6845-scaled.jpg","type":"image\/jpeg"}],"twitter_card":"summary_large_image","twitter_misc":{"Gesch\u00e4tzte Lesezeit":"2\u00a0Minuten"},"schema":{"@context":"https:\/\/schema.org","@graph":[{"@type":"WebPage","@id":"https:\/\/www.hoteldewereld.nl\/de\/uebernachten\/zimmer\/zimmer-xl-cityview\/","url":"https:\/\/www.hoteldewereld.nl\/de\/uebernachten\/zimmer\/zimmer-xl-cityview\/","name":"Zimmer XL Cityview - Hotel de Wereld","isPartOf":{"@id":"https:\/\/www.hoteldewereld.nl\/de\/#website"},"primaryImageOfPage":{"@id":"https:\/\/www.hoteldewereld.nl\/de\/uebernachten\/zimmer\/zimmer-xl-cityview\/#primaryimage"},"image":{"@id":"https:\/\/www.hoteldewereld.nl\/de\/uebernachten\/zimmer\/zimmer-xl-cityview\/#primaryimage"},"thumbnailUrl":"https:\/\/www.hoteldewereld.nl\/wp-content\/uploads\/2021\/06\/20210218-_BMW6845-scaled.jpg","datePublished":"2023-02-16T18:07:08+00:00","dateModified":"2023-02-16T18:07:10+00:00","description":"Die XL-Zimmer mit Stadtblick bieten Ihnen die Ruhe und den Komfort, nach dem Sie sich so sehr sehnen! Ruhe und Frieden, mit Blick auf den 5. Mai-Platz.","breadcrumb":{"@id":"https:\/\/www.hoteldewereld.nl\/de\/uebernachten\/zimmer\/zimmer-xl-cityview\/#breadcrumb"},"inLanguage":"de","potentialAction":[{"@type":"ReadAction","target":["https:\/\/www.hoteldewereld.nl\/de\/uebernachten\/zimmer\/zimmer-xl-cityview\/"]}]},{"@type":"ImageObject","inLanguage":"de","@id":"https:\/\/www.hoteldewereld.nl\/de\/uebernachten\/zimmer\/zimmer-xl-cityview\/#primaryimage","url":"https:\/\/www.hoteldewereld.nl\/wp-content\/uploads\/2021\/06\/20210218-_BMW6845-scaled.jpg","contentUrl":"https:\/\/www.hoteldewereld.nl\/wp-content\/uploads\/2021\/06\/20210218-_BMW6845-scaled.jpg","width":2560,"height":1707},{"@type":"BreadcrumbList","@id":"https:\/\/www.hoteldewereld.nl\/de\/uebernachten\/zimmer\/zimmer-xl-cityview\/#breadcrumb","itemListElement":[{"@type":"ListItem","position":1,"name":"Hotel","item":"https:\/\/www.hoteldewereld.nl\/de\/uebernachten\/"},{"@type":"ListItem","position":2,"name":"Zimmer","item":"https:\/\/www.hoteldewereld.nl\/de\/uebernachten\/zimmer\/"},{"@type":"ListItem","position":3,"name":"Zimmer XL Cityview"}]},{"@type":"WebSite","@id":"https:\/\/www.hoteldewereld.nl\/de\/#website","url":"https:\/\/www.hoteldewereld.nl\/de\/","name":"Hotel de Wereld","description":"Waar Vrijheid, Verwennen en Veluwe samenkomen","potentialAction":[{"@type":"SearchAction","target":{"@type":"EntryPoint","urlTemplate":"https:\/\/www.hoteldewereld.nl\/de\/?s={search_term_string}"},"query-input":{"@type":"PropertyValueSpecification","valueRequired":true,"valueName":"search_term_string"}}],"inLanguage":"de"}]}},"_links":{"self":[{"href":"https:\/\/www.hoteldewereld.nl\/de\/wp-json\/wp\/v2\/pages\/9356","targetHints":{"allow":["GET"]}}],"collection":[{"href":"https:\/\/www.hoteldewereld.nl\/de\/wp-json\/wp\/v2\/pages"}],"about":[{"href":"https:\/\/www.hoteldewereld.nl\/de\/wp-json\/wp\/v2\/types\/page"}],"author":[{"embeddable":true,"href":"https:\/\/www.hoteldewereld.nl\/de\/wp-json\/wp\/v2\/users\/4"}],"replies":[{"embeddable":true,"href":"https:\/\/www.hoteldewereld.nl\/de\/wp-json\/wp\/v2\/comments?post=9356"}],"version-history":[{"count":1,"href":"https:\/\/www.hoteldewereld.nl\/de\/wp-json\/wp\/v2\/pages\/9356\/revisions"}],"predecessor-version":[{"id":9359,"href":"https:\/\/www.hoteldewereld.nl\/de\/wp-json\/wp\/v2\/pages\/9356\/revisions\/9359"}],"up":[{"embeddable":true,"href":"https:\/\/www.hoteldewereld.nl\/de\/wp-json\/wp\/v2\/pages\/9331"}],"wp:featuredmedia":[{"embeddable":true,"href":"https:\/\/www.hoteldewereld.nl\/de\/wp-json\/wp\/v2\/media\/7203"}],"wp:attachment":[{"href":"https:\/\/www.hoteldewereld.nl\/de\/wp-json\/wp\/v2\/media?parent=9356"}],"curies":[{"name":"wp","href":"https:\/\/api.w.org\/{rel}","templated":true}]}}