{"id":9352,"date":"2023-02-16T18:07:07","date_gmt":"2023-02-16T18:07:07","guid":{"rendered":"https:\/\/www.hoteldewereld.nl\/uebernachten\/zimmer\/boutique-zimmer\/"},"modified":"2024-10-16T08:39:22","modified_gmt":"2024-10-16T08:39:22","slug":"boutique-zimmer","status":"publish","type":"page","link":"https:\/\/www.hoteldewereld.nl\/de\/uebernachten\/zimmer\/boutique-zimmer\/","title":{"rendered":"Boutique-Zimmer"},"content":{"rendered":"<div class=\"wpb-content-wrapper\"><p>[vc_row css_animation=&#8220;&#8220; row_type=&#8220;row&#8220; use_row_as_full_screen_section=&#8220;no&#8220; type=&#8220;full_width&#8220; angled_section=&#8220;no&#8220; text_align=&#8220;left&#8220; background_image_as_pattern=&#8220;without_pattern&#8220;][vc_column][vc_column_text]<\/p>\n<p style=\"text-align: center;\">Unsere einzigartigen und unverwechselbaren Zimmer haben alle ihren eigenen Charakter. Entspannen Sie sich in unseren Boutique-Zimmern. Die Zimmer verf\u00fcgen \u00fcber zahlreiche Einrichtungen, um Ihren Aufenthalt so angenehm wie m\u00f6glich zu gestalten.<\/p>\n<p>&nbsp;<\/p>\n<p style=\"text-align: center;\">Boutique-Zimmer erz\u00e4hlen die Geschichten von Astrid Lindgren, Bob Dylan, Andrej Sacharow, \u00c9mile Zola, Florence Nightingale, Colin Kaepernick und H\u00e4uptling Seattle.<\/p>\n<p style=\"text-align: center;\">Haben Sie eine Vorliebe f\u00fcr einen bestimmten Freiheitsk\u00e4mpfer? Bitte geben Sie dies bei der Buchung an, und wir werden pr\u00fcfen, ob das Zimmer verf\u00fcgbar ist!<\/p>\n<p>[\/vc_column_text][vc_empty_space height=&#8220;50px&#8220;][\/vc_column][\/vc_row][vc_row css_animation=&#8220;&#8220; row_type=&#8220;row&#8220; use_row_as_full_screen_section=&#8220;no&#8220; type=&#8220;full_width&#8220; angled_section=&#8220;no&#8220; text_align=&#8220;left&#8220; background_image_as_pattern=&#8220;without_pattern&#8220;][vc_column width=&#8220;1\/3&#8243;][vc_gallery interval=&#8220;3&#8243; images=&#8220;7785,7803,7806,7815,7389,7213&#8243; img_size=&#8220;400&#215;400&#8243;][\/vc_column][vc_column width=&#8220;1\/3&#8243;][vc_column_text]<strong>BOOTSZIMMER<\/strong><\/p>\n<ul>\n<li>Klimatisierung<\/li>\n<li>Kostenloses WiFi<\/li>\n<li>Sitzgelegenheiten im Raum<\/li>\n<li>B\u00fcro<\/li>\n<li>Kaffee- und Teezubereitungsm\u00f6glichkeiten<\/li>\n<li>Mobiler K\u00fchlschrank (auf Anfrage)<\/li>\n<li>Boxspring-Betten<\/li>\n<li>Flachbildschirm-TV mit Netflix<\/li>\n<li>Klimatisierung<\/li>\n<li>Begehbare Dusche<\/li>\n<li>Haartrockner<\/li>\n<li>Betten k\u00f6nnen getrennt werden<\/li>\n<\/ul>\n<p>[\/vc_column_text][\/vc_column][vc_column width=&#8220;1\/3&#8243;][vc_column_text]<strong>HOTELANLAGEN<\/strong><\/p>\n<ul>\n<li>Einchecken 15:00 bis 00:00<\/li>\n<li>Auschecken 11:00 Uhr.<\/li>\n<li>Fr\u00fchst\u00fccksbuffet<\/li>\n<li>Nicht-Raucher-Zimmer<\/li>\n<li>Kostenloses WIFI<\/li>\n<li>Restaurant und Aufenthaltsraum<\/li>\n<li>Terrasse<\/li>\n<li>Zimmerservice<\/li>\n<li>Sicheres Parken<\/li>\n<\/ul>\n<p>[\/vc_column_text][\/vc_column][\/vc_row][vc_row css_animation=&#8220;&#8220; row_type=&#8220;row&#8220; use_row_as_full_screen_section=&#8220;no&#8220; type=&#8220;full_width&#8220; angled_section=&#8220;no&#8220; text_align=&#8220;left&#8220; background_image_as_pattern=&#8220;without_pattern&#8220;][vc_column][vc_empty_space height=&#8220;20px&#8220;][vc_empty_space height=&#8220;20px&#8220;][vc_empty_space height=&#8220;20px&#8220;][\/vc_column][\/vc_row][vc_row css_animation=&#8220;&#8220; row_type=&#8220;row&#8220; use_row_as_full_screen_section=&#8220;no&#8220; type=&#8220;full_width&#8220; angled_section=&#8220;no&#8220; text_align=&#8220;left&#8220; background_image_as_pattern=&#8220;without_pattern&#8220;][vc_column][vc_column_text]<\/p>\n<h3 style=\"text-align: center;\">Was halten andere von unserem Hotel?<\/h3>\n<p>[\/vc_column_text]<div class='blog_slider_holder clearfix '><div class='blog_slider blog_slider_carousel' data-blogs_shown='3' data-auto_start='false'><ul class='blog_slides'>Sorry, no posts matched your criteria.<\/ul><\/div><\/div>[vc_empty_space height=&#8220;20px&#8220;][\/vc_column][\/vc_row]<\/p>\n<\/div>","protected":false},"excerpt":{"rendered":"<p>[vc_row css_animation=&#8220;&#8220; row_type=&#8220;row&#8220; use_row_as_full_screen_section=&#8220;no&#8220; type=&#8220;full_width&#8220; angled_section=&#8220;no&#8220; text_align=&#8220;left&#8220; background_image_as_pattern=&#8220;without_pattern&#8220;][vc_column][vc_column_text] Unsere einzigartigen und unverwechselbaren Zimmer haben alle ihren eigenen Charakter. Entspannen Sie sich in unseren Boutique-Zimmern. Die Zimmer verf\u00fcgen \u00fcber zahlreiche Einrichtungen, um Ihren Aufenthalt so angenehm wie m\u00f6glich zu gestalten. &nbsp; Boutique-Zimmer erz\u00e4hlen die Geschichten von Astrid Lindgren, Bob Dylan, Andrej&#8230;<\/p>\n","protected":false},"author":4,"featured_media":7209,"parent":9331,"menu_order":0,"comment_status":"closed","ping_status":"closed","template":"page_hotel.php","meta":{"_acf_changed":false,"_joinchat":[],"footnotes":""},"class_list":["post-9352","page","type-page","status-publish","has-post-thumbnail","hentry"],"acf":[],"yoast_head":"<!-- This site is optimized with the Yoast SEO plugin v27.1.1 - https:\/\/yoast.com\/product\/yoast-seo-wordpress\/ -->\n<title>Boutique-Zimmer - Hotel de Wereld<\/title>\n<meta name=\"description\" content=\"In einem Boutique-Hotelzimmer im Hotel de Wereld in Wageningen k\u00f6nnen Sie alles genie\u00dfen, was Wageningen zu bieten hat. Unsere Hotelzimmer sind mit allen Annehmlichkeiten ausgestattet.\" \/>\n<meta name=\"robots\" content=\"index, follow, max-snippet:-1, max-image-preview:large, max-video-preview:-1\" \/>\n<link rel=\"canonical\" href=\"https:\/\/www.hoteldewereld.nl\/de\/uebernachten\/zimmer\/boutique-zimmer\/\" \/>\n<meta property=\"og:locale\" content=\"de_DE\" \/>\n<meta property=\"og:type\" content=\"article\" \/>\n<meta property=\"og:title\" content=\"Boutique-Zimmer - Hotel de Wereld\" \/>\n<meta property=\"og:description\" content=\"In einem Boutique-Hotelzimmer im Hotel de Wereld in Wageningen k\u00f6nnen Sie alles genie\u00dfen, was Wageningen zu bieten hat. Unsere Hotelzimmer sind mit allen Annehmlichkeiten ausgestattet.\" \/>\n<meta property=\"og:url\" content=\"https:\/\/www.hoteldewereld.nl\/de\/uebernachten\/zimmer\/boutique-zimmer\/\" \/>\n<meta property=\"og:site_name\" content=\"Hotel de Wereld\" \/>\n<meta property=\"article:modified_time\" content=\"2024-10-16T08:39:22+00:00\" \/>\n<meta property=\"og:image\" content=\"https:\/\/www.hoteldewereld.nl\/wp-content\/uploads\/2021\/06\/20210218-_BMW6589-scaled.jpg\" \/>\n\t<meta property=\"og:image:width\" content=\"2560\" \/>\n\t<meta property=\"og:image:height\" content=\"1707\" \/>\n\t<meta property=\"og:image:type\" content=\"image\/jpeg\" \/>\n<meta name=\"twitter:card\" content=\"summary_large_image\" \/>\n<meta name=\"twitter:label1\" content=\"Gesch\u00e4tzte Lesezeit\" \/>\n\t<meta name=\"twitter:data1\" content=\"2\u00a0Minuten\" \/>\n<script type=\"application\/ld+json\" class=\"yoast-schema-graph\">{\"@context\":\"https:\/\/schema.org\",\"@graph\":[{\"@type\":\"WebPage\",\"@id\":\"https:\/\/www.hoteldewereld.nl\/de\/uebernachten\/zimmer\/boutique-zimmer\/\",\"url\":\"https:\/\/www.hoteldewereld.nl\/de\/uebernachten\/zimmer\/boutique-zimmer\/\",\"name\":\"Boutique-Zimmer - Hotel de Wereld\",\"isPartOf\":{\"@id\":\"https:\/\/www.hoteldewereld.nl\/de\/#website\"},\"primaryImageOfPage\":{\"@id\":\"https:\/\/www.hoteldewereld.nl\/de\/uebernachten\/zimmer\/boutique-zimmer\/#primaryimage\"},\"image\":{\"@id\":\"https:\/\/www.hoteldewereld.nl\/de\/uebernachten\/zimmer\/boutique-zimmer\/#primaryimage\"},\"thumbnailUrl\":\"https:\/\/www.hoteldewereld.nl\/wp-content\/uploads\/2021\/06\/20210218-_BMW6589-scaled.jpg\",\"datePublished\":\"2023-02-16T18:07:07+00:00\",\"dateModified\":\"2024-10-16T08:39:22+00:00\",\"description\":\"In einem Boutique-Hotelzimmer im Hotel de Wereld in Wageningen k\u00f6nnen Sie alles genie\u00dfen, was Wageningen zu bieten hat. Unsere Hotelzimmer sind mit allen Annehmlichkeiten ausgestattet.\",\"breadcrumb\":{\"@id\":\"https:\/\/www.hoteldewereld.nl\/de\/uebernachten\/zimmer\/boutique-zimmer\/#breadcrumb\"},\"inLanguage\":\"de\",\"potentialAction\":[{\"@type\":\"ReadAction\",\"target\":[\"https:\/\/www.hoteldewereld.nl\/de\/uebernachten\/zimmer\/boutique-zimmer\/\"]}]},{\"@type\":\"ImageObject\",\"inLanguage\":\"de\",\"@id\":\"https:\/\/www.hoteldewereld.nl\/de\/uebernachten\/zimmer\/boutique-zimmer\/#primaryimage\",\"url\":\"https:\/\/www.hoteldewereld.nl\/wp-content\/uploads\/2021\/06\/20210218-_BMW6589-scaled.jpg\",\"contentUrl\":\"https:\/\/www.hoteldewereld.nl\/wp-content\/uploads\/2021\/06\/20210218-_BMW6589-scaled.jpg\",\"width\":2560,\"height\":1707},{\"@type\":\"BreadcrumbList\",\"@id\":\"https:\/\/www.hoteldewereld.nl\/de\/uebernachten\/zimmer\/boutique-zimmer\/#breadcrumb\",\"itemListElement\":[{\"@type\":\"ListItem\",\"position\":1,\"name\":\"Hotel\",\"item\":\"https:\/\/www.hoteldewereld.nl\/de\/uebernachten\/\"},{\"@type\":\"ListItem\",\"position\":2,\"name\":\"Zimmer\",\"item\":\"https:\/\/www.hoteldewereld.nl\/de\/uebernachten\/zimmer\/\"},{\"@type\":\"ListItem\",\"position\":3,\"name\":\"Boutique-Zimmer\"}]},{\"@type\":\"WebSite\",\"@id\":\"https:\/\/www.hoteldewereld.nl\/de\/#website\",\"url\":\"https:\/\/www.hoteldewereld.nl\/de\/\",\"name\":\"Hotel de Wereld\",\"description\":\"Waar Vrijheid, Verwennen en Veluwe samenkomen\",\"potentialAction\":[{\"@type\":\"SearchAction\",\"target\":{\"@type\":\"EntryPoint\",\"urlTemplate\":\"https:\/\/www.hoteldewereld.nl\/de\/?s={search_term_string}\"},\"query-input\":{\"@type\":\"PropertyValueSpecification\",\"valueRequired\":true,\"valueName\":\"search_term_string\"}}],\"inLanguage\":\"de\"}]}<\/script>\n<!-- \/ Yoast SEO plugin. -->","yoast_head_json":{"title":"Boutique-Zimmer - Hotel de Wereld","description":"In einem Boutique-Hotelzimmer im Hotel de Wereld in Wageningen k\u00f6nnen Sie alles genie\u00dfen, was Wageningen zu bieten hat. Unsere Hotelzimmer sind mit allen Annehmlichkeiten ausgestattet.","robots":{"index":"index","follow":"follow","max-snippet":"max-snippet:-1","max-image-preview":"max-image-preview:large","max-video-preview":"max-video-preview:-1"},"canonical":"https:\/\/www.hoteldewereld.nl\/de\/uebernachten\/zimmer\/boutique-zimmer\/","og_locale":"de_DE","og_type":"article","og_title":"Boutique-Zimmer - Hotel de Wereld","og_description":"In einem Boutique-Hotelzimmer im Hotel de Wereld in Wageningen k\u00f6nnen Sie alles genie\u00dfen, was Wageningen zu bieten hat. Unsere Hotelzimmer sind mit allen Annehmlichkeiten ausgestattet.","og_url":"https:\/\/www.hoteldewereld.nl\/de\/uebernachten\/zimmer\/boutique-zimmer\/","og_site_name":"Hotel de Wereld","article_modified_time":"2024-10-16T08:39:22+00:00","og_image":[{"width":2560,"height":1707,"url":"https:\/\/www.hoteldewereld.nl\/wp-content\/uploads\/2021\/06\/20210218-_BMW6589-scaled.jpg","type":"image\/jpeg"}],"twitter_card":"summary_large_image","twitter_misc":{"Gesch\u00e4tzte Lesezeit":"2\u00a0Minuten"},"schema":{"@context":"https:\/\/schema.org","@graph":[{"@type":"WebPage","@id":"https:\/\/www.hoteldewereld.nl\/de\/uebernachten\/zimmer\/boutique-zimmer\/","url":"https:\/\/www.hoteldewereld.nl\/de\/uebernachten\/zimmer\/boutique-zimmer\/","name":"Boutique-Zimmer - Hotel de Wereld","isPartOf":{"@id":"https:\/\/www.hoteldewereld.nl\/de\/#website"},"primaryImageOfPage":{"@id":"https:\/\/www.hoteldewereld.nl\/de\/uebernachten\/zimmer\/boutique-zimmer\/#primaryimage"},"image":{"@id":"https:\/\/www.hoteldewereld.nl\/de\/uebernachten\/zimmer\/boutique-zimmer\/#primaryimage"},"thumbnailUrl":"https:\/\/www.hoteldewereld.nl\/wp-content\/uploads\/2021\/06\/20210218-_BMW6589-scaled.jpg","datePublished":"2023-02-16T18:07:07+00:00","dateModified":"2024-10-16T08:39:22+00:00","description":"In einem Boutique-Hotelzimmer im Hotel de Wereld in Wageningen k\u00f6nnen Sie alles genie\u00dfen, was Wageningen zu bieten hat. Unsere Hotelzimmer sind mit allen Annehmlichkeiten ausgestattet.","breadcrumb":{"@id":"https:\/\/www.hoteldewereld.nl\/de\/uebernachten\/zimmer\/boutique-zimmer\/#breadcrumb"},"inLanguage":"de","potentialAction":[{"@type":"ReadAction","target":["https:\/\/www.hoteldewereld.nl\/de\/uebernachten\/zimmer\/boutique-zimmer\/"]}]},{"@type":"ImageObject","inLanguage":"de","@id":"https:\/\/www.hoteldewereld.nl\/de\/uebernachten\/zimmer\/boutique-zimmer\/#primaryimage","url":"https:\/\/www.hoteldewereld.nl\/wp-content\/uploads\/2021\/06\/20210218-_BMW6589-scaled.jpg","contentUrl":"https:\/\/www.hoteldewereld.nl\/wp-content\/uploads\/2021\/06\/20210218-_BMW6589-scaled.jpg","width":2560,"height":1707},{"@type":"BreadcrumbList","@id":"https:\/\/www.hoteldewereld.nl\/de\/uebernachten\/zimmer\/boutique-zimmer\/#breadcrumb","itemListElement":[{"@type":"ListItem","position":1,"name":"Hotel","item":"https:\/\/www.hoteldewereld.nl\/de\/uebernachten\/"},{"@type":"ListItem","position":2,"name":"Zimmer","item":"https:\/\/www.hoteldewereld.nl\/de\/uebernachten\/zimmer\/"},{"@type":"ListItem","position":3,"name":"Boutique-Zimmer"}]},{"@type":"WebSite","@id":"https:\/\/www.hoteldewereld.nl\/de\/#website","url":"https:\/\/www.hoteldewereld.nl\/de\/","name":"Hotel de Wereld","description":"Waar Vrijheid, Verwennen en Veluwe samenkomen","potentialAction":[{"@type":"SearchAction","target":{"@type":"EntryPoint","urlTemplate":"https:\/\/www.hoteldewereld.nl\/de\/?s={search_term_string}"},"query-input":{"@type":"PropertyValueSpecification","valueRequired":true,"valueName":"search_term_string"}}],"inLanguage":"de"}]}},"_links":{"self":[{"href":"https:\/\/www.hoteldewereld.nl\/de\/wp-json\/wp\/v2\/pages\/9352","targetHints":{"allow":["GET"]}}],"collection":[{"href":"https:\/\/www.hoteldewereld.nl\/de\/wp-json\/wp\/v2\/pages"}],"about":[{"href":"https:\/\/www.hoteldewereld.nl\/de\/wp-json\/wp\/v2\/types\/page"}],"author":[{"embeddable":true,"href":"https:\/\/www.hoteldewereld.nl\/de\/wp-json\/wp\/v2\/users\/4"}],"replies":[{"embeddable":true,"href":"https:\/\/www.hoteldewereld.nl\/de\/wp-json\/wp\/v2\/comments?post=9352"}],"version-history":[{"count":2,"href":"https:\/\/www.hoteldewereld.nl\/de\/wp-json\/wp\/v2\/pages\/9352\/revisions"}],"predecessor-version":[{"id":10833,"href":"https:\/\/www.hoteldewereld.nl\/de\/wp-json\/wp\/v2\/pages\/9352\/revisions\/10833"}],"up":[{"embeddable":true,"href":"https:\/\/www.hoteldewereld.nl\/de\/wp-json\/wp\/v2\/pages\/9331"}],"wp:featuredmedia":[{"embeddable":true,"href":"https:\/\/www.hoteldewereld.nl\/de\/wp-json\/wp\/v2\/media\/7209"}],"wp:attachment":[{"href":"https:\/\/www.hoteldewereld.nl\/de\/wp-json\/wp\/v2\/media?parent=9352"}],"curies":[{"name":"wp","href":"https:\/\/api.w.org\/{rel}","templated":true}]}}