{"id":9341,"date":"2023-02-16T18:04:48","date_gmt":"2023-02-16T18:04:48","guid":{"rendered":"https:\/\/www.hoteldewereld.nl\/lebensmittel\/"},"modified":"2025-03-18T13:23:04","modified_gmt":"2025-03-18T13:23:04","slug":"lebensmittel","status":"publish","type":"page","link":"https:\/\/www.hoteldewereld.nl\/de\/lebensmittel\/","title":{"rendered":"Lebensmittel"},"content":{"rendered":"<div class=\"wpb-content-wrapper\"><p>[vc_row css_animation=&#8220;&#8220; row_type=&#8220;row&#8220; use_row_as_full_screen_section=&#8220;no&#8220; type=&#8220;full_width&#8220; angled_section=&#8220;no&#8220; text_align=&#8220;left&#8220; background_image_as_pattern=&#8220;without_pattern&#8220;][vc_column][vc_column_text]Im Hotel de Wereld m\u00f6chten wir, dass unsere G\u00e4ste k\u00f6stliche Speisen und Getr\u00e4nke genie\u00dfen k\u00f6nnen. W\u00e4hrend Ihres Aufenthalts in einem unserer Hotelzimmer, aber auch wenn Sie nicht bei uns schlafen! Machen Sie es sich in unserer <a href=\"http:\/\/www.hoteldewereld.nl\/eten\/lounge\/\">Lounge<\/a> oder im Wintergarten gem\u00fctlich und genie\u00dfen Sie ein reichhaltiges Mittagessen oder eine Tasse Kaffee mit hausgemachtem Kuchen. Wir servieren unser Abendessen in unserem Restaurant Gastrobar the World.[\/vc_column_text][vc_empty_space height=&#8220;35px&#8220;][\/vc_column][\/vc_row][vc_row css_animation=&#8220;&#8220; row_type=&#8220;row&#8220; use_row_as_full_screen_section=&#8220;no&#8220; type=&#8220;full_width&#8220; angled_section=&#8220;no&#8220; text_align=&#8220;left&#8220; background_image_as_pattern=&#8220;without_pattern&#8220;][vc_column width=&#8220;1\/2&#8243; css=&#8220;.vc_custom_1548961531536{padding-right: 5px !important;}&#8220;][vc_empty_space height=&#8220;20px&#8220;][vc_column_text]<\/p>\n<h3 style=\"text-align: center;\">Aufenthaltsraum\/Serre<\/h3>\n<p>[\/vc_column_text][vc_empty_space height=&#8220;20px&#8220;][vc_empty_space height=&#8220;20px&#8220;][vc_column_text]<\/p>\n<p style=\"text-align: center;\">Lassen Sie sich in unserer gem\u00fctlichen Lounge zu einem leckeren Mittagessen nieder oder nehmen Sie im Wintergarten Platz, um in Ruhe eine Tasse Kaffee mit einem St\u00fcck hausgemachten Kuchen zu genie\u00dfen. Abends k\u00f6nnen Sie hier ein gutes Glas Wein oder einen erfrischenden Cocktail mit einem Snack genie\u00dfen. Im Sommer nutzen wir die ger\u00e4umige Terrasse in unserem Wintergarten, indem wir unsere Schiebet\u00fcren \u00f6ffnen!<\/p>\n<p>[\/vc_column_text][vc_empty_space height=&#8220;20px&#8220;][qode_elements_holder number_of_columns=&#8220;one_column&#8220;][qode_elements_holder_item horizontal_alignment=&#8220;center&#8220; advanced_animations=&#8220;no&#8220;]<a  itemprop=\"url\" href=\"https:\/\/www.levdewereld.com\/food\/\" target=\"_self\"  class=\"qbutton  center white default\" style=\"\">Das Men\u00fc anzeigen<\/a>[vc_empty_space][\/qode_elements_holder_item][\/qode_elements_holder][\/vc_column][vc_column width=&#8220;1\/2&#8243; css=&#8220;.vc_custom_1548959040496{padding-left: 5px !important;}&#8220;][vc_gallery interval=&#8220;3&#8243; images=&#8220;6491,6531,6550,6553&#8243; img_size=&#8220;500&#215;400&#8243;][\/vc_column][\/vc_row][vc_row css_animation=&#8220;&#8220; row_type=&#8220;row&#8220; use_row_as_full_screen_section=&#8220;no&#8220; type=&#8220;full_width&#8220; angled_section=&#8220;no&#8220; text_align=&#8220;left&#8220; background_image_as_pattern=&#8220;without_pattern&#8220;][vc_column][vc_empty_space height=&#8220;20px&#8220;][\/vc_column][\/vc_row][vc_row css_animation=&#8220;&#8220; row_type=&#8220;row&#8220; use_row_as_full_screen_section=&#8220;no&#8220; type=&#8220;full_width&#8220; angled_section=&#8220;no&#8220; text_align=&#8220;left&#8220; background_image_as_pattern=&#8220;without_pattern&#8220;][vc_column width=&#8220;1\/2&#8243; css=&#8220;.vc_custom_1548961531536{padding-right: 5px !important;}&#8220;][vc_gallery interval=&#8220;3&#8243; images=&#8220;6508,6387,6359,6535,6538,6541,6544&#8243; img_size=&#8220;500&#215;400&#8243;][\/vc_column][vc_column width=&#8220;1\/2&#8243; css=&#8220;.vc_custom_1548959040496{padding-left: 5px !important;}&#8220;][vc_empty_space height=&#8220;20px&#8220;][vc_column_text]<\/p>\n<h3 style=\"text-align: center;\">Gastrobar the World<\/h3>\n<p>[\/vc_column_text][vc_empty_space height=&#8220;20px&#8220;][vc_empty_space height=&#8220;20px&#8220;][vc_column_text]<\/p>\n<p data-start=\"0\" data-end=\"140\">In der Gastrobar De Wereld servieren K\u00fcchenchef Jeroen und seine K\u00fcchenbrigade k\u00f6stliche Gerichte, die auf der jeweiligen Saison basieren.<\/p>\n<p data-start=\"142\" data-end=\"383\">In unserer Gastrobar konzentrieren wir uns auf die Liebe zu exquisiten Gerichten \u2013 alle in der Gr\u00f6\u00dfe eines Zwischengerichts \u2013, regionale und saisonale Zutaten, leckere Biere, eine gro\u00dfe Auswahl an offenen Weinen und echte Gastfreundschaft.<\/p>\n<p data-start=\"385\" data-end=\"701\">Die Gastrobar De Wereld erleben Sie am besten mit dem <strong data-start=\"439\" data-end=\"463\">Men\u00fc des K\u00fcchenchefs<\/strong>: 4 oder 6 G\u00e4nge voller kulinarischer Kreationen von Chef Jeroen und seinem Team. Diese Men\u00fcs k\u00f6nnen selbstverst\u00e4ndlich auch vollst\u00e4ndig vegetarisch oder vegan zusammengestellt werden. Nat\u00fcrlich ist auch eine \u00c0-la-carte-Auswahl m\u00f6glich.<\/p>\n<p>&nbsp;<\/p>\n<p style=\"text-align: center;\"><strong>Hinweis: Kommen Sie mit 8 oder mehr Personen? Wenn ja, besprechen wir gerne gemeinsam ein Men\u00fc nach Ihren W\u00fcnschen und es ist nicht m\u00f6glich, \u00e0 la carte zu essen.<\/strong><\/p>\n<p>[\/vc_column_text][vc_empty_space height=&#8220;20px&#8220;][qode_elements_holder number_of_columns=&#8220;one_column&#8220;][qode_elements_holder_item horizontal_alignment=&#8220;center&#8220; advanced_animations=&#8220;no&#8220;]<a  itemprop=\"url\" href=\"https:\/\/www.levdewereld.com\/direct-reserveren-2\/\" target=\"_self\"  class=\"qbutton  center white default\" style=\"\">Einen Tisch reservieren<\/a>[vc_empty_space][\/qode_elements_holder_item][\/qode_elements_holder][vc_empty_space][\/vc_column][\/vc_row][vc_row css_animation=&#8220;&#8220; row_type=&#8220;row&#8220; use_row_as_full_screen_section=&#8220;no&#8220; type=&#8220;full_width&#8220; angled_section=&#8220;no&#8220; text_align=&#8220;left&#8220; background_image_as_pattern=&#8220;without_pattern&#8220;][vc_column][vc_empty_space height=&#8220;20px&#8220;][vc_column_text]<\/p>\n<h3 style=\"text-align: center;\">Was denken unsere G\u00e4ste?<\/h3>\n<p>[\/vc_column_text]<div class='blog_slider_holder clearfix '><div class='blog_slider blog_slider_carousel' data-blogs_shown='3' data-auto_start='false'><ul class='blog_slides'>Sorry, no posts matched your criteria.<\/ul><\/div><\/div>[vc_empty_space height=&#8220;20px&#8220;][\/vc_column][\/vc_row]<\/p>\n<\/div>","protected":false},"excerpt":{"rendered":"<p>[vc_row css_animation=&#8220;&#8220; row_type=&#8220;row&#8220; use_row_as_full_screen_section=&#8220;no&#8220; type=&#8220;full_width&#8220; angled_section=&#8220;no&#8220; text_align=&#8220;left&#8220; background_image_as_pattern=&#8220;without_pattern&#8220;][vc_column][vc_column_text]Im Hotel de Wereld m\u00f6chten wir, dass unsere G\u00e4ste k\u00f6stliche Speisen und Getr\u00e4nke genie\u00dfen k\u00f6nnen. W\u00e4hrend Ihres Aufenthalts in einem unserer Hotelzimmer, aber auch wenn Sie nicht bei uns schlafen! Machen Sie es sich in unserer Lounge oder im Wintergarten gem\u00fctlich und genie\u00dfen&#8230;<\/p>\n","protected":false},"author":1,"featured_media":0,"parent":0,"menu_order":0,"comment_status":"closed","ping_status":"closed","template":"page_restaurant.php","meta":{"_acf_changed":false,"_joinchat":[],"footnotes":""},"class_list":["post-9341","page","type-page","status-publish","hentry"],"acf":[],"yoast_head":"<!-- This site is optimized with the Yoast SEO plugin v27.1.1 - https:\/\/yoast.com\/product\/yoast-seo-wordpress\/ -->\n<title>Lebensmittel - Hotel de Wereld<\/title>\n<meta name=\"description\" content=\"Gastrobar de Wereld steht f\u00fcr die Liebe zu sch\u00f6nem Essen. Alles in Form von Entremets, also auch von anderen Tellern probieren.\" \/>\n<meta name=\"robots\" content=\"index, follow, max-snippet:-1, max-image-preview:large, max-video-preview:-1\" \/>\n<link rel=\"canonical\" href=\"https:\/\/www.hoteldewereld.nl\/de\/lebensmittel\/\" \/>\n<meta property=\"og:locale\" content=\"de_DE\" \/>\n<meta property=\"og:type\" content=\"article\" \/>\n<meta property=\"og:title\" content=\"Lebensmittel - Hotel de Wereld\" \/>\n<meta property=\"og:description\" content=\"Gastrobar de Wereld steht f\u00fcr die Liebe zu sch\u00f6nem Essen. Alles in Form von Entremets, also auch von anderen Tellern probieren.\" \/>\n<meta property=\"og:url\" content=\"https:\/\/www.hoteldewereld.nl\/de\/lebensmittel\/\" \/>\n<meta property=\"og:site_name\" content=\"Hotel de Wereld\" \/>\n<meta property=\"article:modified_time\" content=\"2025-03-18T13:23:04+00:00\" \/>\n<meta name=\"twitter:card\" content=\"summary_large_image\" \/>\n<meta name=\"twitter:label1\" content=\"Gesch\u00e4tzte Lesezeit\" \/>\n\t<meta name=\"twitter:data1\" content=\"2\u00a0Minuten\" \/>\n<script type=\"application\/ld+json\" class=\"yoast-schema-graph\">{\"@context\":\"https:\/\/schema.org\",\"@graph\":[{\"@type\":\"WebPage\",\"@id\":\"https:\/\/www.hoteldewereld.nl\/de\/lebensmittel\/\",\"url\":\"https:\/\/www.hoteldewereld.nl\/de\/lebensmittel\/\",\"name\":\"Lebensmittel - Hotel de Wereld\",\"isPartOf\":{\"@id\":\"https:\/\/www.hoteldewereld.nl\/de\/#website\"},\"datePublished\":\"2023-02-16T18:04:48+00:00\",\"dateModified\":\"2025-03-18T13:23:04+00:00\",\"description\":\"Gastrobar de Wereld steht f\u00fcr die Liebe zu sch\u00f6nem Essen. Alles in Form von Entremets, also auch von anderen Tellern probieren.\",\"inLanguage\":\"de\",\"potentialAction\":[{\"@type\":\"ReadAction\",\"target\":[\"https:\/\/www.hoteldewereld.nl\/de\/lebensmittel\/\"]}]},{\"@type\":\"WebSite\",\"@id\":\"https:\/\/www.hoteldewereld.nl\/de\/#website\",\"url\":\"https:\/\/www.hoteldewereld.nl\/de\/\",\"name\":\"Hotel de Wereld\",\"description\":\"Waar Vrijheid, Verwennen en Veluwe samenkomen\",\"potentialAction\":[{\"@type\":\"SearchAction\",\"target\":{\"@type\":\"EntryPoint\",\"urlTemplate\":\"https:\/\/www.hoteldewereld.nl\/de\/?s={search_term_string}\"},\"query-input\":{\"@type\":\"PropertyValueSpecification\",\"valueRequired\":true,\"valueName\":\"search_term_string\"}}],\"inLanguage\":\"de\"}]}<\/script>\n<!-- \/ Yoast SEO plugin. -->","yoast_head_json":{"title":"Lebensmittel - Hotel de Wereld","description":"Gastrobar de Wereld steht f\u00fcr die Liebe zu sch\u00f6nem Essen. Alles in Form von Entremets, also auch von anderen Tellern probieren.","robots":{"index":"index","follow":"follow","max-snippet":"max-snippet:-1","max-image-preview":"max-image-preview:large","max-video-preview":"max-video-preview:-1"},"canonical":"https:\/\/www.hoteldewereld.nl\/de\/lebensmittel\/","og_locale":"de_DE","og_type":"article","og_title":"Lebensmittel - Hotel de Wereld","og_description":"Gastrobar de Wereld steht f\u00fcr die Liebe zu sch\u00f6nem Essen. Alles in Form von Entremets, also auch von anderen Tellern probieren.","og_url":"https:\/\/www.hoteldewereld.nl\/de\/lebensmittel\/","og_site_name":"Hotel de Wereld","article_modified_time":"2025-03-18T13:23:04+00:00","twitter_card":"summary_large_image","twitter_misc":{"Gesch\u00e4tzte Lesezeit":"2\u00a0Minuten"},"schema":{"@context":"https:\/\/schema.org","@graph":[{"@type":"WebPage","@id":"https:\/\/www.hoteldewereld.nl\/de\/lebensmittel\/","url":"https:\/\/www.hoteldewereld.nl\/de\/lebensmittel\/","name":"Lebensmittel - Hotel de Wereld","isPartOf":{"@id":"https:\/\/www.hoteldewereld.nl\/de\/#website"},"datePublished":"2023-02-16T18:04:48+00:00","dateModified":"2025-03-18T13:23:04+00:00","description":"Gastrobar de Wereld steht f\u00fcr die Liebe zu sch\u00f6nem Essen. Alles in Form von Entremets, also auch von anderen Tellern probieren.","inLanguage":"de","potentialAction":[{"@type":"ReadAction","target":["https:\/\/www.hoteldewereld.nl\/de\/lebensmittel\/"]}]},{"@type":"WebSite","@id":"https:\/\/www.hoteldewereld.nl\/de\/#website","url":"https:\/\/www.hoteldewereld.nl\/de\/","name":"Hotel de Wereld","description":"Waar Vrijheid, Verwennen en Veluwe samenkomen","potentialAction":[{"@type":"SearchAction","target":{"@type":"EntryPoint","urlTemplate":"https:\/\/www.hoteldewereld.nl\/de\/?s={search_term_string}"},"query-input":{"@type":"PropertyValueSpecification","valueRequired":true,"valueName":"search_term_string"}}],"inLanguage":"de"}]}},"_links":{"self":[{"href":"https:\/\/www.hoteldewereld.nl\/de\/wp-json\/wp\/v2\/pages\/9341","targetHints":{"allow":["GET"]}}],"collection":[{"href":"https:\/\/www.hoteldewereld.nl\/de\/wp-json\/wp\/v2\/pages"}],"about":[{"href":"https:\/\/www.hoteldewereld.nl\/de\/wp-json\/wp\/v2\/types\/page"}],"author":[{"embeddable":true,"href":"https:\/\/www.hoteldewereld.nl\/de\/wp-json\/wp\/v2\/users\/1"}],"replies":[{"embeddable":true,"href":"https:\/\/www.hoteldewereld.nl\/de\/wp-json\/wp\/v2\/comments?post=9341"}],"version-history":[{"count":3,"href":"https:\/\/www.hoteldewereld.nl\/de\/wp-json\/wp\/v2\/pages\/9341\/revisions"}],"predecessor-version":[{"id":11215,"href":"https:\/\/www.hoteldewereld.nl\/de\/wp-json\/wp\/v2\/pages\/9341\/revisions\/11215"}],"wp:attachment":[{"href":"https:\/\/www.hoteldewereld.nl\/de\/wp-json\/wp\/v2\/media?parent=9341"}],"curies":[{"name":"wp","href":"https:\/\/api.w.org\/{rel}","templated":true}]}}