{"id":9331,"date":"2023-02-16T17:54:15","date_gmt":"2023-02-16T17:54:15","guid":{"rendered":"https:\/\/www.hoteldewereld.nl\/uebernachten\/zimmer\/"},"modified":"2023-02-16T17:54:16","modified_gmt":"2023-02-16T17:54:16","slug":"zimmer","status":"publish","type":"page","link":"https:\/\/www.hoteldewereld.nl\/de\/uebernachten\/zimmer\/","title":{"rendered":"Zimmer"},"content":{"rendered":"<div class=\"wpb-content-wrapper\"><p>[vc_row css_animation=&#8220;&#8220; row_type=&#8220;row&#8220; use_row_as_full_screen_section=&#8220;no&#8220; type=&#8220;full_width&#8220; angled_section=&#8220;no&#8220; text_align=&#8220;left&#8220; background_image_as_pattern=&#8220;without_pattern&#8220;][vc_column][vc_column_text]<\/p>\n<p style=\"text-align: center;\">Zeitgem\u00e4\u00dfer Genuss in historischer Umgebung &#8211; daf\u00fcr steht das Hotel de Wereld! Mit kostenlosem WLAN, Flachbildfernsehern mit Netflix und einer eigenen Kaffeemaschine ist alles vorhanden, um sich zu entspannen und die Stadt und ihre sch\u00f6ne Umgebung zu genie\u00dfen. Alle 17 Hotelzimmer haben ihren eigenen Stil und sind modern eingerichtet und mit bequemen Boxspringbetten ausgestattet.<\/p>\n<p>&nbsp;<\/p>\n<p style=\"text-align: center;\">Die Geschichte dieses Hotels, das es seit 1852 gibt, ist in unseren Hotelzimmern durch die Geschichten der Freiheitsk\u00e4mpfer der Welt auf angenehme Weise pr\u00e4sent. Jedes Zimmer erz\u00e4hlt eine pers\u00f6nliche Geschichte, von Banksy, Astrid Lindgren, Lady Liberty, Nelson Mandela und vielen anderen. Sie alle haben eines gemeinsam: Jeder hat auf seine Weise f\u00fcr die Freiheit gek\u00e4mpft.<\/p>\n<p>&nbsp;<\/p>\n<p style=\"text-align: center;\">W\u00e4hlen Sie Ihren Favoriten: Es ist m\u00f6glich, eine Vorliebe f\u00fcr einen bestimmten Raum zu \u00e4u\u00dfern. Lassen Sie es uns bei Ihrer Buchung wissen, und wir werden Ihnen gerne zeigen, welche M\u00f6glichkeiten es f\u00fcr Sie gibt!<\/p>\n<p>[\/vc_column_text][vc_empty_space height=&#8220;20px&#8220;][\/vc_column][\/vc_row][vc_row css_animation=&#8220;&#8220; row_type=&#8220;row&#8220; use_row_as_full_screen_section=&#8220;no&#8220; type=&#8220;full_width&#8220; angled_section=&#8220;no&#8220; text_align=&#8220;left&#8220; background_image_as_pattern=&#8220;without_pattern&#8220; css=&#8220;.vc_custom_1553628715914{margin-bottom: 20px !important;}&#8220; z_index=&#8220;&#8220;][vc_column width=&#8220;1\/2&#8243;]<div class=\"qode-banner qode-banner-va-center\"><a class=\"qode-banner-link\" href=\"https:\/\/www.hoteldewereld.nl\/hotel\/kamers\/kamers-xl-cityview\/\" target=\"_self\"><\/a><div class=\"qode-banner-image\"><img loading=\"lazy\" decoding=\"async\" width=\"1024\" height=\"683\" src=\"https:\/\/www.hoteldewereld.nl\/wp-content\/uploads\/2022\/02\/Aletta-Jacobs-1024x683.jpg\" class=\"attachment-large\" alt=\"\" title=\"Aletta Jacobs\" srcset=\"https:\/\/www.hoteldewereld.nl\/wp-content\/uploads\/2022\/02\/Aletta-Jacobs-1024x683.jpg 1024w, https:\/\/www.hoteldewereld.nl\/wp-content\/uploads\/2022\/02\/Aletta-Jacobs-300x200.jpg 300w, https:\/\/www.hoteldewereld.nl\/wp-content\/uploads\/2022\/02\/Aletta-Jacobs-768x512.jpg 768w, https:\/\/www.hoteldewereld.nl\/wp-content\/uploads\/2022\/02\/Aletta-Jacobs-1536x1024.jpg 1536w, https:\/\/www.hoteldewereld.nl\/wp-content\/uploads\/2022\/02\/Aletta-Jacobs-2048x1365.jpg 2048w, https:\/\/www.hoteldewereld.nl\/wp-content\/uploads\/2022\/02\/Aletta-Jacobs-480x320.jpg 480w, https:\/\/www.hoteldewereld.nl\/wp-content\/uploads\/2022\/02\/Aletta-Jacobs-700x467.jpg 700w, https:\/\/www.hoteldewereld.nl\/wp-content\/uploads\/2022\/02\/Aletta-Jacobs-600x400.jpg 600w\" sizes=\"auto, (max-width: 1024px) 100vw, 1024px\" \/><\/div><div class=\"qode-banner-content\"><div class=\"qode-banner-content-inner\"><div class=\"qode-banner-text-holder\"><div class=\"qode-banner-text-titel\"><h3><\/h3><\/div><div class=\"qode-banner-text-content\"><\/div><div class=\"button-banner-hover qbutton medium center default\">XL Cityview kamer<\/div><\/div><\/div><\/div><\/div>[\/vc_column][vc_column width=&#8220;1\/2&#8243;]<div class=\"qode-banner qode-banner-va-center\"><a class=\"qode-banner-link\" href=\"https:\/\/www.hoteldewereld.nl\/familiekamers\/\" target=\"_self\"><\/a><div class=\"qode-banner-image\"><img loading=\"lazy\" decoding=\"async\" width=\"1024\" height=\"683\" src=\"https:\/\/www.hoteldewereld.nl\/wp-content\/uploads\/2022\/02\/Malala-Yousafai-1024x683.jpg\" class=\"attachment-large\" alt=\"\" title=\"Malala Yousafai\" srcset=\"https:\/\/www.hoteldewereld.nl\/wp-content\/uploads\/2022\/02\/Malala-Yousafai-1024x683.jpg 1024w, https:\/\/www.hoteldewereld.nl\/wp-content\/uploads\/2022\/02\/Malala-Yousafai-300x200.jpg 300w, https:\/\/www.hoteldewereld.nl\/wp-content\/uploads\/2022\/02\/Malala-Yousafai-768x512.jpg 768w, https:\/\/www.hoteldewereld.nl\/wp-content\/uploads\/2022\/02\/Malala-Yousafai-1536x1024.jpg 1536w, https:\/\/www.hoteldewereld.nl\/wp-content\/uploads\/2022\/02\/Malala-Yousafai-2048x1365.jpg 2048w, https:\/\/www.hoteldewereld.nl\/wp-content\/uploads\/2022\/02\/Malala-Yousafai-480x320.jpg 480w, https:\/\/www.hoteldewereld.nl\/wp-content\/uploads\/2022\/02\/Malala-Yousafai-700x467.jpg 700w, https:\/\/www.hoteldewereld.nl\/wp-content\/uploads\/2022\/02\/Malala-Yousafai-600x400.jpg 600w\" sizes=\"auto, (max-width: 1024px) 100vw, 1024px\" \/><\/div><div class=\"qode-banner-content\"><div class=\"qode-banner-content-inner\"><div class=\"qode-banner-text-holder\"><div class=\"qode-banner-text-titel\"><h3><\/h3><\/div><div class=\"qode-banner-text-content\"><\/div><div class=\"button-banner-hover qbutton medium center default\">Familiekamer<\/div><\/div><\/div><\/div><\/div>[\/vc_column][\/vc_row][vc_row css_animation=&#8220;&#8220; row_type=&#8220;row&#8220; use_row_as_full_screen_section=&#8220;no&#8220; type=&#8220;full_width&#8220; angled_section=&#8220;no&#8220; text_align=&#8220;left&#8220; background_image_as_pattern=&#8220;without_pattern&#8220; css=&#8220;.vc_custom_1553628715914{margin-bottom: 20px !important;}&#8220; z_index=&#8220;&#8220;][vc_column width=&#8220;1\/2&#8243;]<div class=\"qode-banner qode-banner-va-center\"><a class=\"qode-banner-link\" href=\"https:\/\/www.hoteldewereld.nl\/boetiek-kamer\/\" target=\"_self\"><\/a><div class=\"qode-banner-image\"><img loading=\"lazy\" decoding=\"async\" width=\"1024\" height=\"683\" src=\"https:\/\/www.hoteldewereld.nl\/wp-content\/uploads\/2022\/02\/Astrid-Lindgren-kamer-2-1024x683.jpg\" class=\"attachment-large\" alt=\"\" title=\"Astrid Lindgren kamer-2\" srcset=\"https:\/\/www.hoteldewereld.nl\/wp-content\/uploads\/2022\/02\/Astrid-Lindgren-kamer-2-1024x683.jpg 1024w, https:\/\/www.hoteldewereld.nl\/wp-content\/uploads\/2022\/02\/Astrid-Lindgren-kamer-2-300x200.jpg 300w, https:\/\/www.hoteldewereld.nl\/wp-content\/uploads\/2022\/02\/Astrid-Lindgren-kamer-2-768x512.jpg 768w, https:\/\/www.hoteldewereld.nl\/wp-content\/uploads\/2022\/02\/Astrid-Lindgren-kamer-2-1536x1024.jpg 1536w, https:\/\/www.hoteldewereld.nl\/wp-content\/uploads\/2022\/02\/Astrid-Lindgren-kamer-2-2048x1365.jpg 2048w, https:\/\/www.hoteldewereld.nl\/wp-content\/uploads\/2022\/02\/Astrid-Lindgren-kamer-2-480x320.jpg 480w, https:\/\/www.hoteldewereld.nl\/wp-content\/uploads\/2022\/02\/Astrid-Lindgren-kamer-2-700x467.jpg 700w, https:\/\/www.hoteldewereld.nl\/wp-content\/uploads\/2022\/02\/Astrid-Lindgren-kamer-2-600x400.jpg 600w\" sizes=\"auto, (max-width: 1024px) 100vw, 1024px\" \/><\/div><div class=\"qode-banner-content\"><div class=\"qode-banner-content-inner\"><div class=\"qode-banner-text-holder\"><div class=\"qode-banner-text-titel\"><h3><\/h3><\/div><div class=\"qode-banner-text-content\"><\/div><div class=\"button-banner-hover qbutton medium center default\">Boetiek kamer<\/div><\/div><\/div><\/div><\/div>[\/vc_column][vc_column width=&#8220;1\/2&#8243;]<div class=\"qode-banner qode-banner-va-center\"><a class=\"qode-banner-link\" href=\"https:\/\/www.hoteldewereld.nl\/romantische-kamer\/\" target=\"_self\"><\/a><div class=\"qode-banner-image\"><img loading=\"lazy\" decoding=\"async\" width=\"1024\" height=\"652\" src=\"https:\/\/www.hoteldewereld.nl\/wp-content\/uploads\/2022\/02\/Lady-Liberty-1024x652.jpg\" class=\"attachment-large\" alt=\"\" title=\"Lady Liberty\" srcset=\"https:\/\/www.hoteldewereld.nl\/wp-content\/uploads\/2022\/02\/Lady-Liberty-1024x652.jpg 1024w, https:\/\/www.hoteldewereld.nl\/wp-content\/uploads\/2022\/02\/Lady-Liberty-300x191.jpg 300w, https:\/\/www.hoteldewereld.nl\/wp-content\/uploads\/2022\/02\/Lady-Liberty-768x489.jpg 768w, https:\/\/www.hoteldewereld.nl\/wp-content\/uploads\/2022\/02\/Lady-Liberty-1536x978.jpg 1536w, https:\/\/www.hoteldewereld.nl\/wp-content\/uploads\/2022\/02\/Lady-Liberty-2048x1304.jpg 2048w, https:\/\/www.hoteldewereld.nl\/wp-content\/uploads\/2022\/02\/Lady-Liberty-700x446.jpg 700w, https:\/\/www.hoteldewereld.nl\/wp-content\/uploads\/2022\/02\/Lady-Liberty-600x382.jpg 600w\" sizes=\"auto, (max-width: 1024px) 100vw, 1024px\" \/><\/div><div class=\"qode-banner-content\"><div class=\"qode-banner-content-inner\"><div class=\"qode-banner-text-holder\"><div class=\"qode-banner-text-titel\"><h3><\/h3><\/div><div class=\"qode-banner-text-content\"><\/div><div class=\"button-banner-hover qbutton medium center default\">Romantische kamer<\/div><\/div><\/div><\/div><\/div>[\/vc_column][\/vc_row][vc_row css_animation=&#8220;&#8220; row_type=&#8220;row&#8220; use_row_as_full_screen_section=&#8220;no&#8220; type=&#8220;full_width&#8220; angled_section=&#8220;no&#8220; text_align=&#8220;left&#8220; background_image_as_pattern=&#8220;without_pattern&#8220;][vc_column][vc_separator type=&#8220;small&#8220; position=&#8220;center&#8220;][vc_column_text]<\/p>\n<h2 style=\"text-align: center;\">Was halten andere von unserem Hotel?<\/h2>\n<p>[\/vc_column_text][vc_separator type=&#8220;small&#8220; position=&#8220;center&#8220;][vc_empty_space height=&#8220;10px&#8220;]<div class='blog_slider_holder clearfix '><div class='blog_slider blog_slider_carousel' data-blogs_shown='3' data-auto_start='false'><ul class='blog_slides'>Sorry, no posts matched your criteria.<\/ul><\/div><\/div>[vc_empty_space][vc_empty_space][\/vc_column][\/vc_row][vc_row css_animation=&#8220;&#8220; row_type=&#8220;row&#8220; use_row_as_full_screen_section=&#8220;no&#8220; type=&#8220;full_width&#8220; angled_section=&#8220;no&#8220; text_align=&#8220;left&#8220; background_image_as_pattern=&#8220;without_pattern&#8220;][vc_column][vc_gallery type=&#8220;image_grid&#8220; images=&#8220;7065,6992,7068,6341&#8243; img_size=&#8220;400&#215;400&#8243; column_number=&#8220;4&#8243; grayscale=&#8220;no&#8220; images_space=&#8220;gallery_without_space&#8220;][\/vc_column][\/vc_row]<\/p>\n<\/div>","protected":false},"excerpt":{"rendered":"<p>[vc_row css_animation=&#8220;&#8220; row_type=&#8220;row&#8220; use_row_as_full_screen_section=&#8220;no&#8220; type=&#8220;full_width&#8220; angled_section=&#8220;no&#8220; text_align=&#8220;left&#8220; background_image_as_pattern=&#8220;without_pattern&#8220;][vc_column][vc_column_text] Zeitgem\u00e4\u00dfer Genuss in historischer Umgebung &#8211; daf\u00fcr steht das Hotel de Wereld! Mit kostenlosem WLAN, Flachbildfernsehern mit Netflix und einer eigenen Kaffeemaschine ist alles vorhanden, um sich zu entspannen und die Stadt und ihre sch\u00f6ne Umgebung zu genie\u00dfen. Alle 17 Hotelzimmer haben&#8230;<\/p>\n","protected":false},"author":1,"featured_media":0,"parent":3161,"menu_order":0,"comment_status":"closed","ping_status":"closed","template":"page_hotel.php","meta":{"_acf_changed":false,"_joinchat":[],"footnotes":""},"class_list":["post-9331","page","type-page","status-publish","hentry"],"acf":[],"yoast_head":"<!-- This site is optimized with the Yoast SEO plugin v27.1.1 - https:\/\/yoast.com\/product\/yoast-seo-wordpress\/ -->\n<title>Zimmer - Hotel de Wereld<\/title>\n<meta name=\"description\" content=\"Zeitgem\u00e4\u00dfer Genuss in historischer Umgebung - daf\u00fcr steht das Hotel de Wereld! Alle unsere 12 Hotelzimmer haben ihren eigenen Stil und eine moderne Einrichtung.\" \/>\n<meta name=\"robots\" content=\"index, follow, max-snippet:-1, max-image-preview:large, max-video-preview:-1\" \/>\n<link rel=\"canonical\" href=\"https:\/\/www.hoteldewereld.nl\/de\/uebernachten\/zimmer\/\" \/>\n<meta property=\"og:locale\" content=\"de_DE\" \/>\n<meta property=\"og:type\" content=\"article\" \/>\n<meta property=\"og:title\" content=\"Zimmer - Hotel de Wereld\" \/>\n<meta property=\"og:description\" content=\"Zeitgem\u00e4\u00dfer Genuss in historischer Umgebung - daf\u00fcr steht das Hotel de Wereld! Alle unsere 12 Hotelzimmer haben ihren eigenen Stil und eine moderne Einrichtung.\" \/>\n<meta property=\"og:url\" content=\"https:\/\/www.hoteldewereld.nl\/de\/uebernachten\/zimmer\/\" \/>\n<meta property=\"og:site_name\" content=\"Hotel de Wereld\" \/>\n<meta property=\"article:modified_time\" content=\"2023-02-16T17:54:16+00:00\" \/>\n<meta name=\"twitter:card\" content=\"summary_large_image\" \/>\n<meta name=\"twitter:label1\" content=\"Gesch\u00e4tzte Lesezeit\" \/>\n\t<meta name=\"twitter:data1\" content=\"3\u00a0Minuten\" \/>\n<script type=\"application\/ld+json\" class=\"yoast-schema-graph\">{\"@context\":\"https:\/\/schema.org\",\"@graph\":[{\"@type\":\"WebPage\",\"@id\":\"https:\/\/www.hoteldewereld.nl\/de\/uebernachten\/zimmer\/\",\"url\":\"https:\/\/www.hoteldewereld.nl\/de\/uebernachten\/zimmer\/\",\"name\":\"Zimmer - Hotel de Wereld\",\"isPartOf\":{\"@id\":\"https:\/\/www.hoteldewereld.nl\/de\/#website\"},\"datePublished\":\"2023-02-16T17:54:15+00:00\",\"dateModified\":\"2023-02-16T17:54:16+00:00\",\"description\":\"Zeitgem\u00e4\u00dfer Genuss in historischer Umgebung - daf\u00fcr steht das Hotel de Wereld! Alle unsere 12 Hotelzimmer haben ihren eigenen Stil und eine moderne Einrichtung.\",\"breadcrumb\":{\"@id\":\"https:\/\/www.hoteldewereld.nl\/de\/uebernachten\/zimmer\/#breadcrumb\"},\"inLanguage\":\"de\",\"potentialAction\":[{\"@type\":\"ReadAction\",\"target\":[\"https:\/\/www.hoteldewereld.nl\/de\/uebernachten\/zimmer\/\"]}]},{\"@type\":\"BreadcrumbList\",\"@id\":\"https:\/\/www.hoteldewereld.nl\/de\/uebernachten\/zimmer\/#breadcrumb\",\"itemListElement\":[{\"@type\":\"ListItem\",\"position\":1,\"name\":\"Hotel\",\"item\":\"https:\/\/www.hoteldewereld.nl\/de\/uebernachten\/\"},{\"@type\":\"ListItem\",\"position\":2,\"name\":\"Zimmer\"}]},{\"@type\":\"WebSite\",\"@id\":\"https:\/\/www.hoteldewereld.nl\/de\/#website\",\"url\":\"https:\/\/www.hoteldewereld.nl\/de\/\",\"name\":\"Hotel de Wereld\",\"description\":\"Waar Vrijheid, Verwennen en Veluwe samenkomen\",\"potentialAction\":[{\"@type\":\"SearchAction\",\"target\":{\"@type\":\"EntryPoint\",\"urlTemplate\":\"https:\/\/www.hoteldewereld.nl\/de\/?s={search_term_string}\"},\"query-input\":{\"@type\":\"PropertyValueSpecification\",\"valueRequired\":true,\"valueName\":\"search_term_string\"}}],\"inLanguage\":\"de\"}]}<\/script>\n<!-- \/ Yoast SEO plugin. -->","yoast_head_json":{"title":"Zimmer - Hotel de Wereld","description":"Zeitgem\u00e4\u00dfer Genuss in historischer Umgebung - daf\u00fcr steht das Hotel de Wereld! Alle unsere 12 Hotelzimmer haben ihren eigenen Stil und eine moderne Einrichtung.","robots":{"index":"index","follow":"follow","max-snippet":"max-snippet:-1","max-image-preview":"max-image-preview:large","max-video-preview":"max-video-preview:-1"},"canonical":"https:\/\/www.hoteldewereld.nl\/de\/uebernachten\/zimmer\/","og_locale":"de_DE","og_type":"article","og_title":"Zimmer - Hotel de Wereld","og_description":"Zeitgem\u00e4\u00dfer Genuss in historischer Umgebung - daf\u00fcr steht das Hotel de Wereld! Alle unsere 12 Hotelzimmer haben ihren eigenen Stil und eine moderne Einrichtung.","og_url":"https:\/\/www.hoteldewereld.nl\/de\/uebernachten\/zimmer\/","og_site_name":"Hotel de Wereld","article_modified_time":"2023-02-16T17:54:16+00:00","twitter_card":"summary_large_image","twitter_misc":{"Gesch\u00e4tzte Lesezeit":"3\u00a0Minuten"},"schema":{"@context":"https:\/\/schema.org","@graph":[{"@type":"WebPage","@id":"https:\/\/www.hoteldewereld.nl\/de\/uebernachten\/zimmer\/","url":"https:\/\/www.hoteldewereld.nl\/de\/uebernachten\/zimmer\/","name":"Zimmer - Hotel de Wereld","isPartOf":{"@id":"https:\/\/www.hoteldewereld.nl\/de\/#website"},"datePublished":"2023-02-16T17:54:15+00:00","dateModified":"2023-02-16T17:54:16+00:00","description":"Zeitgem\u00e4\u00dfer Genuss in historischer Umgebung - daf\u00fcr steht das Hotel de Wereld! Alle unsere 12 Hotelzimmer haben ihren eigenen Stil und eine moderne Einrichtung.","breadcrumb":{"@id":"https:\/\/www.hoteldewereld.nl\/de\/uebernachten\/zimmer\/#breadcrumb"},"inLanguage":"de","potentialAction":[{"@type":"ReadAction","target":["https:\/\/www.hoteldewereld.nl\/de\/uebernachten\/zimmer\/"]}]},{"@type":"BreadcrumbList","@id":"https:\/\/www.hoteldewereld.nl\/de\/uebernachten\/zimmer\/#breadcrumb","itemListElement":[{"@type":"ListItem","position":1,"name":"Hotel","item":"https:\/\/www.hoteldewereld.nl\/de\/uebernachten\/"},{"@type":"ListItem","position":2,"name":"Zimmer"}]},{"@type":"WebSite","@id":"https:\/\/www.hoteldewereld.nl\/de\/#website","url":"https:\/\/www.hoteldewereld.nl\/de\/","name":"Hotel de Wereld","description":"Waar Vrijheid, Verwennen en Veluwe samenkomen","potentialAction":[{"@type":"SearchAction","target":{"@type":"EntryPoint","urlTemplate":"https:\/\/www.hoteldewereld.nl\/de\/?s={search_term_string}"},"query-input":{"@type":"PropertyValueSpecification","valueRequired":true,"valueName":"search_term_string"}}],"inLanguage":"de"}]}},"_links":{"self":[{"href":"https:\/\/www.hoteldewereld.nl\/de\/wp-json\/wp\/v2\/pages\/9331","targetHints":{"allow":["GET"]}}],"collection":[{"href":"https:\/\/www.hoteldewereld.nl\/de\/wp-json\/wp\/v2\/pages"}],"about":[{"href":"https:\/\/www.hoteldewereld.nl\/de\/wp-json\/wp\/v2\/types\/page"}],"author":[{"embeddable":true,"href":"https:\/\/www.hoteldewereld.nl\/de\/wp-json\/wp\/v2\/users\/1"}],"replies":[{"embeddable":true,"href":"https:\/\/www.hoteldewereld.nl\/de\/wp-json\/wp\/v2\/comments?post=9331"}],"version-history":[{"count":1,"href":"https:\/\/www.hoteldewereld.nl\/de\/wp-json\/wp\/v2\/pages\/9331\/revisions"}],"predecessor-version":[{"id":9334,"href":"https:\/\/www.hoteldewereld.nl\/de\/wp-json\/wp\/v2\/pages\/9331\/revisions\/9334"}],"up":[{"embeddable":true,"href":"https:\/\/www.hoteldewereld.nl\/de\/wp-json\/wp\/v2\/pages\/3161"}],"wp:attachment":[{"href":"https:\/\/www.hoteldewereld.nl\/de\/wp-json\/wp\/v2\/media?parent=9331"}],"curies":[{"name":"wp","href":"https:\/\/api.w.org\/{rel}","templated":true}]}}