{"id":9310,"date":"2023-02-16T17:34:25","date_gmt":"2023-02-16T17:34:25","guid":{"rendered":"https:\/\/www.hoteldewereld.nl\/business\/treffen\/"},"modified":"2023-02-16T17:34:25","modified_gmt":"2023-02-16T17:34:25","slug":"treffen","status":"publish","type":"page","link":"https:\/\/www.hoteldewereld.nl\/de\/business\/treffen\/","title":{"rendered":"Treffen"},"content":{"rendered":"<div class=\"wpb-content-wrapper\"><p>[vc_row css_animation=&#8220;&#8220; row_type=&#8220;row&#8220; use_row_as_full_screen_section=&#8220;no&#8220; type=&#8220;full_width&#8220; angled_section=&#8220;no&#8220; text_align=&#8220;left&#8220; background_image_as_pattern=&#8220;without_pattern&#8220;][vc_column width=&#8220;2\/3&#8243;][vc_column_text]Freiheit, Nachsicht und Veluwe. Grundwerte, auf die wir gro\u00dfen Wert legen, auch im gesch\u00e4ftlichen Bereich. Funktionalit\u00e4t ohne Schnickschnack. Nichts muss, alles ist m\u00f6glich! Nat\u00fcrlich mit einem Extra an Ambiente und Aufmerksamkeit, denn das geh\u00f6rt zum Standard. Wir k\u00f6nnen nicht anders handeln.[\/vc_column_text][vc_empty_space height=&#8220;20px&#8220;][vc_column_text]Ein stilvolles, inspirierendes Umfeld tr\u00e4gt zu guten Ideen und Probleml\u00f6sungsf\u00e4higkeiten bei. Alle Tagungsr\u00e4ume sind mit komfortablen und modernen M\u00f6beln, hervorragender audiovisueller Ausstattung, kostenlosem WIFI und unbegrenzter Nutzung von Kaffee, Tee und Wasser ausgestattet. Am Nachmittag k\u00f6nnen Sie in unserem Restaurant zu Mittag essen und Ihr Treffen mit einem Abendessen und ggf. einer \u00dcbernachtung verl\u00e4ngern.[\/vc_column_text][\/vc_column][vc_column width=&#8220;1\/3&#8243;]<div class=\"q_icon_list\"><i class=\"qode_icon_font_awesome fa fa-briefcase qode-ili-icon-holder transparent\" style=\"color: #000000;\" ><\/i><p style=\"\">Ausgezeichnete Zug\u00e4nglichkeit<\/p><\/div><div class=\"q_icon_list\"><i class=\"qode_icon_font_awesome fa fa-car qode-ili-icon-holder transparent\" style=\"color: #000000;\" ><\/i><p style=\"\">Sicheres Parken<\/p><\/div><div class=\"q_icon_list\"><i class=\"qode_icon_font_awesome fa fa-wifi qode-ili-icon-holder transparent\" style=\"color: #000000;\" ><\/i><p style=\"\">Kostenloses WiFi<\/p><\/div><div class=\"q_icon_list\"><i class=\"qode_icon_font_awesome fa fa-home qode-ili-icon-holder transparent\" style=\"color: #000000;\" ><\/i><p style=\"\">Inspirierender Standort<\/p><\/div>[\/vc_column][\/vc_row][vc_row css_animation=&#8220;&#8220; row_type=&#8220;row&#8220; use_row_as_full_screen_section=&#8220;no&#8220; type=&#8220;full_width&#8220; angled_section=&#8220;no&#8220; text_align=&#8220;left&#8220; background_image_as_pattern=&#8220;without_pattern&#8220;][vc_column][vc_empty_space][vc_empty_space][vc_column_text]<\/p>\n<h3 style=\"text-align: center;\">Zeichentisch<\/h3>\n<p>[\/vc_column_text][vc_separator type=&#8220;small&#8220; position=&#8220;center&#8220; up=&#8220;7&#8243; down=&#8220;38&#8243;][vc_column_text]<\/p>\n<p style=\"text-align: center;\">Was gibt es Sch\u00f6neres, als ein offizielles Dokument an dem Tisch zu unterzeichnen, an dem 1945 der Frieden und die Freiheit der Niederlande unterzeichnet wurde! Wir freuen uns, ein Foto von diesem besonderen Anlass zu machen!<\/p>\n<p>[\/vc_column_text][vc_empty_space][vc_empty_space][\/vc_column][\/vc_row][vc_row css_animation=&#8220;&#8220; row_type=&#8220;row&#8220; use_row_as_full_screen_section=&#8220;no&#8220; type=&#8220;full_width&#8220; angled_section=&#8220;no&#8220; text_align=&#8220;left&#8220; background_image_as_pattern=&#8220;without_pattern&#8220;][vc_column width=&#8220;1\/2&#8243;][vc_separator type=&#8220;transparent&#8220; up=&#8220;10&#8243; down=&#8220;0&#8243;][vc_column_text]<\/p>\n<h3 style=\"text-align: center;\">Kleiner Kapitulationssaal<\/h3>\n<p>[\/vc_column_text][vc_separator type=&#8220;small&#8220; position=&#8220;center&#8220; up=&#8220;7&#8243; down=&#8220;38&#8243;][vc_column_text]Der kleine Kapitulationssaal ist ein moderner Veranstaltungsort auf der R\u00fcckseite des Hotels. Der Raum ist mit einem Beamer und einem Flipchart ausgestattet. In diesem Raum ist sowohl eine u-f\u00f6rmige, quadratische, kabarettistische als auch eine private Speiseanordnung m\u00f6glich.[\/vc_column_text][vc_empty_space height=&#8220;10px&#8220;][vc_column_text]<strong>Kapazit\u00e4t Kleiner Kapitulationssaal<\/strong><br \/>\nU-Form: 20 Personen<br \/>\nCarr\u00e9: 28 Personen<br \/>\nKabarett: 36 Personen<br \/>\nAbendessen: 20 Personen[\/vc_column_text][vc_empty_space height=&#8220;20px&#8220;][vc_column_text]Bitte kontaktieren Sie uns f\u00fcr weitere Informationen und Preise. Wir freuen uns, mit Ihnen zu denken.[\/vc_column_text][vc_separator type=&#8220;transparent&#8220; up=&#8220;35&#8243; down=&#8220;0&#8243;][vc_empty_space height=&#8220;10px&#8220;]<a  itemprop=\"url\" href=\"http:\/\/www.hoteldewereld.nl\/contact\/\" target=\"_self\"  class=\"qbutton  white default\" style=\"\">Kontakt aufnehmen<\/a>[\/vc_column][vc_column width=&#8220;1\/2&#8243;][vc_single_image image=&#8220;6383&#8243; img_size=&#8220;full&#8220; qode_css_animation=&#8220;&#8220;][\/vc_column][\/vc_row][vc_row css_animation=&#8220;&#8220; row_type=&#8220;row&#8220; use_row_as_full_screen_section=&#8220;no&#8220; type=&#8220;full_width&#8220; angled_section=&#8220;no&#8220; text_align=&#8220;left&#8220; background_image_as_pattern=&#8220;without_pattern&#8220;][vc_column][vc_empty_space][\/vc_column][\/vc_row][vc_row css_animation=&#8220;&#8220; row_type=&#8220;row&#8220; use_row_as_full_screen_section=&#8220;no&#8220; type=&#8220;full_width&#8220; angled_section=&#8220;no&#8220; text_align=&#8220;left&#8220; background_image_as_pattern=&#8220;without_pattern&#8220;][vc_column width=&#8220;1\/2&#8243;][vc_single_image image=&#8220;6463&#8243; img_size=&#8220;500&#215;800&#8243; qode_css_animation=&#8220;&#8220;][\/vc_column][vc_column width=&#8220;1\/2&#8243;][vc_separator type=&#8220;transparent&#8220; up=&#8220;10&#8243; down=&#8220;0&#8243;][vc_column_text]<\/p>\n<h3 style=\"text-align: center;\">Gro\u00dfe Kapitulationshalle<\/h3>\n<p>[\/vc_column_text][vc_separator type=&#8220;small&#8220; position=&#8220;center&#8220; up=&#8220;7&#8243; down=&#8220;38&#8243;][vc_column_text]Wollten Sie schon immer einmal dort sein, wo 1945 die Verhandlungen stattfanden? Ein Raum, in dem Geschichte atmet und authentische Details vorhanden sind? Der Raum verf\u00fcgt \u00fcber viel Tageslicht und eignet sich sehr gut f\u00fcr gr\u00f6\u00dfere Gesellschaften oder Meetings mit gesch\u00e4ftlichem Charakter.[\/vc_column_text][vc_empty_space height=&#8220;10px&#8220;][vc_column_text]<strong>Kapazit\u00e4t Gro\u00dfe Kapitulationshalle  <\/strong><br \/>\nU-Form: 30 Personen<br \/>\nAbendessen: 50-100 Personen[\/vc_column_text][vc_empty_space height=&#8220;20px&#8220;][vc_column_text]Bitte kontaktieren Sie uns f\u00fcr weitere Informationen und Preise. Wir freuen uns, mit Ihnen zu denken.[\/vc_column_text][vc_separator type=&#8220;transparent&#8220; up=&#8220;35&#8243; down=&#8220;0&#8243;][vc_empty_space height=&#8220;10px&#8220;]<a  itemprop=\"url\" href=\"http:\/\/www.hoteldewereld.nl\/contact\/\" target=\"_self\"  class=\"qbutton  white default\" style=\"\">Kontakt aufnehmen<\/a>[\/vc_column][\/vc_row]<\/p>\n<\/div>","protected":false},"excerpt":{"rendered":"<p>[vc_row css_animation=&#8220;&#8220; row_type=&#8220;row&#8220; use_row_as_full_screen_section=&#8220;no&#8220; type=&#8220;full_width&#8220; angled_section=&#8220;no&#8220; text_align=&#8220;left&#8220; background_image_as_pattern=&#8220;without_pattern&#8220;][vc_column width=&#8220;2\/3&#8243;][vc_column_text]Freiheit, Nachsicht und Veluwe. Grundwerte, auf die wir gro\u00dfen Wert legen, auch im gesch\u00e4ftlichen Bereich. Funktionalit\u00e4t ohne Schnickschnack. Nichts muss, alles ist m\u00f6glich! Nat\u00fcrlich mit einem Extra an Ambiente und Aufmerksamkeit, denn das geh\u00f6rt zum Standard. Wir k\u00f6nnen nicht anders handeln.[\/vc_column_text][vc_empty_space height=&#8220;20px&#8220;][vc_column_text]Ein&#8230;<\/p>\n","protected":false},"author":1,"featured_media":0,"parent":9288,"menu_order":0,"comment_status":"closed","ping_status":"closed","template":"","meta":{"_acf_changed":false,"_joinchat":[],"footnotes":""},"class_list":["post-9310","page","type-page","status-publish","hentry"],"acf":[],"yoast_head":"<!-- This site is optimized with the Yoast SEO plugin v27.1.1 - https:\/\/yoast.com\/product\/yoast-seo-wordpress\/ -->\n<title>Treffen - Hotel de Wereld<\/title>\n<meta name=\"description\" content=\"Im Hotel de Wereld finden Tagungen in einem gem\u00fctlichen Ambiente statt. Wir haben 2 verschiedene R\u00e4ume, in denen Sie Sitzungen abhalten k\u00f6nnen.\" \/>\n<meta name=\"robots\" content=\"index, follow, max-snippet:-1, max-image-preview:large, max-video-preview:-1\" \/>\n<link rel=\"canonical\" href=\"https:\/\/www.hoteldewereld.nl\/de\/business\/treffen\/\" \/>\n<meta property=\"og:locale\" content=\"de_DE\" \/>\n<meta property=\"og:type\" content=\"article\" \/>\n<meta property=\"og:title\" content=\"Treffen - Hotel de Wereld\" \/>\n<meta property=\"og:description\" content=\"Im Hotel de Wereld finden Tagungen in einem gem\u00fctlichen Ambiente statt. Wir haben 2 verschiedene R\u00e4ume, in denen Sie Sitzungen abhalten k\u00f6nnen.\" \/>\n<meta property=\"og:url\" content=\"https:\/\/www.hoteldewereld.nl\/de\/business\/treffen\/\" \/>\n<meta property=\"og:site_name\" content=\"Hotel de Wereld\" \/>\n<meta name=\"twitter:card\" content=\"summary_large_image\" \/>\n<meta name=\"twitter:label1\" content=\"Gesch\u00e4tzte Lesezeit\" \/>\n\t<meta name=\"twitter:data1\" content=\"4\u00a0Minuten\" \/>\n<script type=\"application\/ld+json\" class=\"yoast-schema-graph\">{\"@context\":\"https:\/\/schema.org\",\"@graph\":[{\"@type\":\"WebPage\",\"@id\":\"https:\/\/www.hoteldewereld.nl\/de\/business\/treffen\/\",\"url\":\"https:\/\/www.hoteldewereld.nl\/de\/business\/treffen\/\",\"name\":\"Treffen - Hotel de Wereld\",\"isPartOf\":{\"@id\":\"https:\/\/www.hoteldewereld.nl\/de\/#website\"},\"datePublished\":\"2023-02-16T17:34:25+00:00\",\"description\":\"Im Hotel de Wereld finden Tagungen in einem gem\u00fctlichen Ambiente statt. Wir haben 2 verschiedene R\u00e4ume, in denen Sie Sitzungen abhalten k\u00f6nnen.\",\"breadcrumb\":{\"@id\":\"https:\/\/www.hoteldewereld.nl\/de\/business\/treffen\/#breadcrumb\"},\"inLanguage\":\"de\",\"potentialAction\":[{\"@type\":\"ReadAction\",\"target\":[\"https:\/\/www.hoteldewereld.nl\/de\/business\/treffen\/\"]}]},{\"@type\":\"BreadcrumbList\",\"@id\":\"https:\/\/www.hoteldewereld.nl\/de\/business\/treffen\/#breadcrumb\",\"itemListElement\":[{\"@type\":\"ListItem\",\"position\":1,\"name\":\"Business\",\"item\":\"https:\/\/www.hoteldewereld.nl\/de\/business\/\"},{\"@type\":\"ListItem\",\"position\":2,\"name\":\"Treffen\"}]},{\"@type\":\"WebSite\",\"@id\":\"https:\/\/www.hoteldewereld.nl\/de\/#website\",\"url\":\"https:\/\/www.hoteldewereld.nl\/de\/\",\"name\":\"Hotel de Wereld\",\"description\":\"Waar Vrijheid, Verwennen en Veluwe samenkomen\",\"potentialAction\":[{\"@type\":\"SearchAction\",\"target\":{\"@type\":\"EntryPoint\",\"urlTemplate\":\"https:\/\/www.hoteldewereld.nl\/de\/?s={search_term_string}\"},\"query-input\":{\"@type\":\"PropertyValueSpecification\",\"valueRequired\":true,\"valueName\":\"search_term_string\"}}],\"inLanguage\":\"de\"}]}<\/script>\n<!-- \/ Yoast SEO plugin. -->","yoast_head_json":{"title":"Treffen - Hotel de Wereld","description":"Im Hotel de Wereld finden Tagungen in einem gem\u00fctlichen Ambiente statt. Wir haben 2 verschiedene R\u00e4ume, in denen Sie Sitzungen abhalten k\u00f6nnen.","robots":{"index":"index","follow":"follow","max-snippet":"max-snippet:-1","max-image-preview":"max-image-preview:large","max-video-preview":"max-video-preview:-1"},"canonical":"https:\/\/www.hoteldewereld.nl\/de\/business\/treffen\/","og_locale":"de_DE","og_type":"article","og_title":"Treffen - Hotel de Wereld","og_description":"Im Hotel de Wereld finden Tagungen in einem gem\u00fctlichen Ambiente statt. Wir haben 2 verschiedene R\u00e4ume, in denen Sie Sitzungen abhalten k\u00f6nnen.","og_url":"https:\/\/www.hoteldewereld.nl\/de\/business\/treffen\/","og_site_name":"Hotel de Wereld","twitter_card":"summary_large_image","twitter_misc":{"Gesch\u00e4tzte Lesezeit":"4\u00a0Minuten"},"schema":{"@context":"https:\/\/schema.org","@graph":[{"@type":"WebPage","@id":"https:\/\/www.hoteldewereld.nl\/de\/business\/treffen\/","url":"https:\/\/www.hoteldewereld.nl\/de\/business\/treffen\/","name":"Treffen - Hotel de Wereld","isPartOf":{"@id":"https:\/\/www.hoteldewereld.nl\/de\/#website"},"datePublished":"2023-02-16T17:34:25+00:00","description":"Im Hotel de Wereld finden Tagungen in einem gem\u00fctlichen Ambiente statt. Wir haben 2 verschiedene R\u00e4ume, in denen Sie Sitzungen abhalten k\u00f6nnen.","breadcrumb":{"@id":"https:\/\/www.hoteldewereld.nl\/de\/business\/treffen\/#breadcrumb"},"inLanguage":"de","potentialAction":[{"@type":"ReadAction","target":["https:\/\/www.hoteldewereld.nl\/de\/business\/treffen\/"]}]},{"@type":"BreadcrumbList","@id":"https:\/\/www.hoteldewereld.nl\/de\/business\/treffen\/#breadcrumb","itemListElement":[{"@type":"ListItem","position":1,"name":"Business","item":"https:\/\/www.hoteldewereld.nl\/de\/business\/"},{"@type":"ListItem","position":2,"name":"Treffen"}]},{"@type":"WebSite","@id":"https:\/\/www.hoteldewereld.nl\/de\/#website","url":"https:\/\/www.hoteldewereld.nl\/de\/","name":"Hotel de Wereld","description":"Waar Vrijheid, Verwennen en Veluwe samenkomen","potentialAction":[{"@type":"SearchAction","target":{"@type":"EntryPoint","urlTemplate":"https:\/\/www.hoteldewereld.nl\/de\/?s={search_term_string}"},"query-input":{"@type":"PropertyValueSpecification","valueRequired":true,"valueName":"search_term_string"}}],"inLanguage":"de"}]}},"_links":{"self":[{"href":"https:\/\/www.hoteldewereld.nl\/de\/wp-json\/wp\/v2\/pages\/9310","targetHints":{"allow":["GET"]}}],"collection":[{"href":"https:\/\/www.hoteldewereld.nl\/de\/wp-json\/wp\/v2\/pages"}],"about":[{"href":"https:\/\/www.hoteldewereld.nl\/de\/wp-json\/wp\/v2\/types\/page"}],"author":[{"embeddable":true,"href":"https:\/\/www.hoteldewereld.nl\/de\/wp-json\/wp\/v2\/users\/1"}],"replies":[{"embeddable":true,"href":"https:\/\/www.hoteldewereld.nl\/de\/wp-json\/wp\/v2\/comments?post=9310"}],"version-history":[{"count":2,"href":"https:\/\/www.hoteldewereld.nl\/de\/wp-json\/wp\/v2\/pages\/9310\/revisions"}],"predecessor-version":[{"id":9314,"href":"https:\/\/www.hoteldewereld.nl\/de\/wp-json\/wp\/v2\/pages\/9310\/revisions\/9314"}],"up":[{"embeddable":true,"href":"https:\/\/www.hoteldewereld.nl\/de\/wp-json\/wp\/v2\/pages\/9288"}],"wp:attachment":[{"href":"https:\/\/www.hoteldewereld.nl\/de\/wp-json\/wp\/v2\/media?parent=9310"}],"curies":[{"name":"wp","href":"https:\/\/api.w.org\/{rel}","templated":true}]}}