{"id":9298,"date":"2023-02-16T17:34:24","date_gmt":"2023-02-16T17:34:24","guid":{"rendered":"https:\/\/www.hoteldewereld.nl\/hochzeit\/"},"modified":"2023-02-16T17:34:24","modified_gmt":"2023-02-16T17:34:24","slug":"hochzeit","status":"publish","type":"page","link":"https:\/\/www.hoteldewereld.nl\/de\/party\/hochzeit\/","title":{"rendered":"Hochzeit"},"content":{"rendered":"<div class=\"wpb-content-wrapper\"><p>[vc_row css_animation=&#8220;&#8220; row_type=&#8220;row&#8220; use_row_as_full_screen_section=&#8220;no&#8220; type=&#8220;full_width&#8220; angled_section=&#8220;no&#8220; text_align=&#8220;left&#8220; background_image_as_pattern=&#8220;without_pattern&#8220; z_index=&#8220;&#8220;][vc_column][qode_elements_holder background_color=&#8220;#76898d&#8220; number_of_columns=&#8220;two_columns&#8220; columns_proportion=&#8220;66_33&#8243;][qode_elements_holder_item advanced_animations=&#8220;no&#8220;][vc_single_image image=&#8220;6629&#8243; img_size=&#8220;large&#8220; qode_css_animation=&#8220;&#8220;][\/qode_elements_holder_item][qode_elements_holder_item horizontal_alignment=&#8220;left&#8220; advanced_animations=&#8220;no&#8220; item_padding=&#8220;20px&#8220;][vc_column_text]<\/p>\n<h2 style=\"text-align: left;\">Standort<\/h2>\n<p>[\/vc_column_text][vc_empty_space height=&#8220;20px&#8220;][vc_column_text css=&#8220;.vc_custom_1615373985348{padding-top: 3px !important;padding-right: 3px !important;padding-bottom: 3px !important;padding-left: 3px !important;}&#8220;]Man heiratet nicht einfach irgendwo, der Ort der Hochzeit ist sehr wichtig. Hotel de Wereld Wereld bietet Ihnen alles, was eine Hochzeitslocation braucht. Die einzigartige Geschichte des Anwesens, die zentrale Lage und die zahlreichen Veranstaltungsr\u00e4ume machen das Hotel de Wereld Wereld zum perfekten Ort f\u00fcr eine sch\u00f6ne Hochzeit.[\/vc_column_text][vc_empty_space height=&#8220;20px&#8220;][\/qode_elements_holder_item][\/qode_elements_holder][vc_empty_space][\/vc_column][\/vc_row][vc_row css_animation=&#8220;&#8220; row_type=&#8220;row&#8220; use_row_as_full_screen_section=&#8220;no&#8220; type=&#8220;full_width&#8220; angled_section=&#8220;no&#8220; text_align=&#8220;left&#8220; background_image_as_pattern=&#8220;without_pattern&#8220; z_index=&#8220;&#8220;][vc_column][qode_elements_holder background_color=&#8220;#76898d&#8220; number_of_columns=&#8220;two_columns&#8220; columns_proportion=&#8220;33_66&#8243;][qode_elements_holder_item horizontal_alignment=&#8220;right&#8220; advanced_animations=&#8220;no&#8220; item_padding=&#8220;20px&#8220;][vc_column_text]<\/p>\n<h2 style=\"text-align: right;\">Toast und Hochzeitstorte<\/h2>\n<p>[\/vc_column_text][vc_empty_space height=&#8220;20px&#8220;][vc_column_text]<\/p>\n<p style=\"text-align: right;\">Bei einer Hochzeit d\u00fcrfen nat\u00fcrlich eine leckere Torte und Sekt zum Ansto\u00dfen nicht fehlen. Durch unsere Zusammenarbeit mit der B\u00e4ckerei Mekking k\u00f6nnen wir Ihnen helfen, den perfekten Kuchen zu finden. Haben Sie schon den perfekten Kuchen gefunden? Kein Problem, Sie k\u00f6nnen die Torte liefern lassen, von wem Sie wollen.<\/p>\n<p>[\/vc_column_text][vc_empty_space height=&#8220;20px&#8220;][\/qode_elements_holder_item][qode_elements_holder_item advanced_animations=&#8220;no&#8220;][vc_single_image image=&#8220;6643&#8243; img_size=&#8220;large&#8220; qode_css_animation=&#8220;&#8220;][\/qode_elements_holder_item][\/qode_elements_holder][vc_empty_space][\/vc_column][\/vc_row][vc_row css_animation=&#8220;&#8220; row_type=&#8220;row&#8220; use_row_as_full_screen_section=&#8220;no&#8220; type=&#8220;full_width&#8220; angled_section=&#8220;no&#8220; text_align=&#8220;left&#8220; background_image_as_pattern=&#8220;without_pattern&#8220; z_index=&#8220;&#8220;][vc_column][qode_elements_holder background_color=&#8220;#76898d&#8220; number_of_columns=&#8220;two_columns&#8220; columns_proportion=&#8220;66_33&#8243;][qode_elements_holder_item advanced_animations=&#8220;no&#8220;][vc_single_image image=&#8220;6618&#8243; img_size=&#8220;large&#8220; qode_css_animation=&#8220;&#8220;][\/qode_elements_holder_item][qode_elements_holder_item horizontal_alignment=&#8220;left&#8220; advanced_animations=&#8220;no&#8220; item_padding=&#8220;20px&#8220;][vc_column_text]<\/p>\n<h2 style=\"text-align: left;\">Abendessen<\/h2>\n<p>[\/vc_column_text][vc_empty_space height=&#8220;20px&#8220;][vc_column_text]<\/p>\n<p style=\"text-align: left;\">Ein besonderer Teil des Festes ist das Abendessen. Aber wir wissen, dass die W\u00fcnsche sehr unterschiedlich sind. Neben einem drei-, vier- oder f\u00fcnfg\u00e4ngigen Men\u00fc servieren wir auch Walking Dinners. Bei sch\u00f6nem Wetter decken wir die Tische drau\u00dfen auf der Terrasse im romantischen Stil oder hart amerikanisch mit dem Oklahoma Joe Barbecue.<\/p>\n<p>[\/vc_column_text][vc_empty_space height=&#8220;20px&#8220;][\/qode_elements_holder_item][\/qode_elements_holder][vc_empty_space][\/vc_column][\/vc_row][vc_row css_animation=&#8220;&#8220; row_type=&#8220;row&#8220; use_row_as_full_screen_section=&#8220;no&#8220; type=&#8220;full_width&#8220; angled_section=&#8220;no&#8220; text_align=&#8220;left&#8220; background_image_as_pattern=&#8220;without_pattern&#8220; z_index=&#8220;&#8220;][vc_column][qode_elements_holder background_color=&#8220;#76898d&#8220; number_of_columns=&#8220;two_columns&#8220; columns_proportion=&#8220;33_66&#8243;][qode_elements_holder_item horizontal_alignment=&#8220;right&#8220; advanced_animations=&#8220;no&#8220; item_padding=&#8220;20px&#8220;][vc_column_text]<\/p>\n<h2 style=\"text-align: right;\">Parteien<\/h2>\n<p>[\/vc_column_text][vc_empty_space height=&#8220;20px&#8220;][vc_column_text css=&#8220;.vc_custom_1615374074239{border-radius: 3px !important;}&#8220;]Am Abend geht nat\u00fcrlich das Dach hoch! Swinging mit guter Musik und leckeren Drinks! F\u00fcr Ihre Feier haben Sie Zugang zu unserem Aufenthaltsraum, dem Kapitulationssaal, dem Wintergarten und unserer Terrasse. Diese gem\u00fctlichen und authentischen R\u00e4ume garantieren eine Top-Party! Der Raum bietet Platz f\u00fcr Stehtische sowie f\u00fcr niedrige und hohe Sitzgelegenheiten f\u00fcr eine zwanglose und informelle Atmosph\u00e4re.[\/vc_column_text][vc_empty_space height=&#8220;20px&#8220;][\/qode_elements_holder_item][qode_elements_holder_item advanced_animations=&#8220;no&#8220;][vc_single_image image=&#8220;6649&#8243; img_size=&#8220;large&#8220; qode_css_animation=&#8220;&#8220;][\/qode_elements_holder_item][\/qode_elements_holder][vc_empty_space][\/vc_column][\/vc_row][vc_row css_animation=&#8220;&#8220; row_type=&#8220;row&#8220; use_row_as_full_screen_section=&#8220;no&#8220; type=&#8220;full_width&#8220; angled_section=&#8220;no&#8220; text_align=&#8220;center&#8220; background_image_as_pattern=&#8220;without_pattern&#8220; z_index=&#8220;&#8220;][vc_column]<a  itemprop=\"url\" href=\"http:\/\/www.hoteldewereld.nl\/contact\/\" target=\"_self\"  class=\"qbutton  default\" style=\"\">Unverbindliche Informationen anfordern<i class=\"qode_icon_font_awesome fa fa-heart qode_button_icon_element\" style=\"color: #0b0b0b;\" ><\/i><\/a>[\/vc_column][\/vc_row]<\/p>\n<\/div>","protected":false},"excerpt":{"rendered":"<p>[vc_row css_animation=&#8220;&#8220; row_type=&#8220;row&#8220; use_row_as_full_screen_section=&#8220;no&#8220; type=&#8220;full_width&#8220; angled_section=&#8220;no&#8220; text_align=&#8220;left&#8220; background_image_as_pattern=&#8220;without_pattern&#8220; z_index=&#8220;&#8220;][vc_column][qode_elements_holder background_color=&#8220;#76898d&#8220; number_of_columns=&#8220;two_columns&#8220; columns_proportion=&#8220;66_33&#8243;][qode_elements_holder_item advanced_animations=&#8220;no&#8220;][vc_single_image image=&#8220;6629&#8243; img_size=&#8220;large&#8220; qode_css_animation=&#8220;&#8220;][\/qode_elements_holder_item][qode_elements_holder_item horizontal_alignment=&#8220;left&#8220; advanced_animations=&#8220;no&#8220; item_padding=&#8220;20px&#8220;][vc_column_text] Standort [\/vc_column_text][vc_empty_space height=&#8220;20px&#8220;][vc_column_text css=&#8220;.vc_custom_1615373985348{padding-top: 3px !important;padding-right: 3px !important;padding-bottom: 3px !important;padding-left: 3px !important;}&#8220;]Man heiratet nicht einfach irgendwo, der Ort der Hochzeit ist sehr wichtig. Hotel de Wereld Wereld bietet Ihnen alles, was&#8230;<\/p>\n","protected":false},"author":1,"featured_media":0,"parent":9296,"menu_order":0,"comment_status":"closed","ping_status":"closed","template":"","meta":{"_acf_changed":false,"_joinchat":[],"footnotes":""},"class_list":["post-9298","page","type-page","status-publish","hentry"],"acf":[],"yoast_head":"<!-- This site is optimized with the Yoast SEO plugin v27.1.1 - https:\/\/yoast.com\/product\/yoast-seo-wordpress\/ -->\n<title>Hochzeit - Hotel de Wereld<\/title>\n<meta name=\"description\" content=\"Man heiratet nicht einfach, und deshalb heiratet man auch nicht einfach irgendwo. Das Hotel de Wereld Wereld bietet alles, was ein Hochzeitsort braucht.\" \/>\n<meta name=\"robots\" content=\"index, follow, max-snippet:-1, max-image-preview:large, max-video-preview:-1\" \/>\n<link rel=\"canonical\" href=\"https:\/\/www.hoteldewereld.nl\/de\/party\/hochzeit\/\" \/>\n<meta property=\"og:locale\" content=\"de_DE\" \/>\n<meta property=\"og:type\" content=\"article\" \/>\n<meta property=\"og:title\" content=\"Hochzeit - Hotel de Wereld\" \/>\n<meta property=\"og:description\" content=\"Man heiratet nicht einfach, und deshalb heiratet man auch nicht einfach irgendwo. Das Hotel de Wereld Wereld bietet alles, was ein Hochzeitsort braucht.\" \/>\n<meta property=\"og:url\" content=\"https:\/\/www.hoteldewereld.nl\/de\/party\/hochzeit\/\" \/>\n<meta property=\"og:site_name\" content=\"Hotel de Wereld\" \/>\n<meta name=\"twitter:card\" content=\"summary_large_image\" \/>\n<meta name=\"twitter:label1\" content=\"Gesch\u00e4tzte Lesezeit\" \/>\n\t<meta name=\"twitter:data1\" content=\"4\u00a0Minuten\" \/>\n<script type=\"application\/ld+json\" class=\"yoast-schema-graph\">{\"@context\":\"https:\/\/schema.org\",\"@graph\":[{\"@type\":\"WebPage\",\"@id\":\"https:\/\/www.hoteldewereld.nl\/de\/party\/hochzeit\/\",\"url\":\"https:\/\/www.hoteldewereld.nl\/de\/party\/hochzeit\/\",\"name\":\"Hochzeit - Hotel de Wereld\",\"isPartOf\":{\"@id\":\"https:\/\/www.hoteldewereld.nl\/de\/#website\"},\"datePublished\":\"2023-02-16T17:34:24+00:00\",\"description\":\"Man heiratet nicht einfach, und deshalb heiratet man auch nicht einfach irgendwo. Das Hotel de Wereld Wereld bietet alles, was ein Hochzeitsort braucht.\",\"inLanguage\":\"de\",\"potentialAction\":[{\"@type\":\"ReadAction\",\"target\":[\"https:\/\/www.hoteldewereld.nl\/de\/party\/hochzeit\/\"]}]},{\"@type\":\"WebSite\",\"@id\":\"https:\/\/www.hoteldewereld.nl\/de\/#website\",\"url\":\"https:\/\/www.hoteldewereld.nl\/de\/\",\"name\":\"Hotel de Wereld\",\"description\":\"Waar Vrijheid, Verwennen en Veluwe samenkomen\",\"potentialAction\":[{\"@type\":\"SearchAction\",\"target\":{\"@type\":\"EntryPoint\",\"urlTemplate\":\"https:\/\/www.hoteldewereld.nl\/de\/?s={search_term_string}\"},\"query-input\":{\"@type\":\"PropertyValueSpecification\",\"valueRequired\":true,\"valueName\":\"search_term_string\"}}],\"inLanguage\":\"de\"}]}<\/script>\n<!-- \/ Yoast SEO plugin. -->","yoast_head_json":{"title":"Hochzeit - Hotel de Wereld","description":"Man heiratet nicht einfach, und deshalb heiratet man auch nicht einfach irgendwo. Das Hotel de Wereld Wereld bietet alles, was ein Hochzeitsort braucht.","robots":{"index":"index","follow":"follow","max-snippet":"max-snippet:-1","max-image-preview":"max-image-preview:large","max-video-preview":"max-video-preview:-1"},"canonical":"https:\/\/www.hoteldewereld.nl\/de\/party\/hochzeit\/","og_locale":"de_DE","og_type":"article","og_title":"Hochzeit - Hotel de Wereld","og_description":"Man heiratet nicht einfach, und deshalb heiratet man auch nicht einfach irgendwo. Das Hotel de Wereld Wereld bietet alles, was ein Hochzeitsort braucht.","og_url":"https:\/\/www.hoteldewereld.nl\/de\/party\/hochzeit\/","og_site_name":"Hotel de Wereld","twitter_card":"summary_large_image","twitter_misc":{"Gesch\u00e4tzte Lesezeit":"4\u00a0Minuten"},"schema":{"@context":"https:\/\/schema.org","@graph":[{"@type":"WebPage","@id":"https:\/\/www.hoteldewereld.nl\/de\/party\/hochzeit\/","url":"https:\/\/www.hoteldewereld.nl\/de\/party\/hochzeit\/","name":"Hochzeit - Hotel de Wereld","isPartOf":{"@id":"https:\/\/www.hoteldewereld.nl\/de\/#website"},"datePublished":"2023-02-16T17:34:24+00:00","description":"Man heiratet nicht einfach, und deshalb heiratet man auch nicht einfach irgendwo. Das Hotel de Wereld Wereld bietet alles, was ein Hochzeitsort braucht.","inLanguage":"de","potentialAction":[{"@type":"ReadAction","target":["https:\/\/www.hoteldewereld.nl\/de\/party\/hochzeit\/"]}]},{"@type":"WebSite","@id":"https:\/\/www.hoteldewereld.nl\/de\/#website","url":"https:\/\/www.hoteldewereld.nl\/de\/","name":"Hotel de Wereld","description":"Waar Vrijheid, Verwennen en Veluwe samenkomen","potentialAction":[{"@type":"SearchAction","target":{"@type":"EntryPoint","urlTemplate":"https:\/\/www.hoteldewereld.nl\/de\/?s={search_term_string}"},"query-input":{"@type":"PropertyValueSpecification","valueRequired":true,"valueName":"search_term_string"}}],"inLanguage":"de"}]}},"_links":{"self":[{"href":"https:\/\/www.hoteldewereld.nl\/de\/wp-json\/wp\/v2\/pages\/9298","targetHints":{"allow":["GET"]}}],"collection":[{"href":"https:\/\/www.hoteldewereld.nl\/de\/wp-json\/wp\/v2\/pages"}],"about":[{"href":"https:\/\/www.hoteldewereld.nl\/de\/wp-json\/wp\/v2\/types\/page"}],"author":[{"embeddable":true,"href":"https:\/\/www.hoteldewereld.nl\/de\/wp-json\/wp\/v2\/users\/1"}],"replies":[{"embeddable":true,"href":"https:\/\/www.hoteldewereld.nl\/de\/wp-json\/wp\/v2\/comments?post=9298"}],"version-history":[{"count":2,"href":"https:\/\/www.hoteldewereld.nl\/de\/wp-json\/wp\/v2\/pages\/9298\/revisions"}],"predecessor-version":[{"id":9306,"href":"https:\/\/www.hoteldewereld.nl\/de\/wp-json\/wp\/v2\/pages\/9298\/revisions\/9306"}],"up":[{"embeddable":true,"href":"https:\/\/www.hoteldewereld.nl\/de\/wp-json\/wp\/v2\/pages\/9296"}],"wp:attachment":[{"href":"https:\/\/www.hoteldewereld.nl\/de\/wp-json\/wp\/v2\/media?parent=9298"}],"curies":[{"name":"wp","href":"https:\/\/api.w.org\/{rel}","templated":true}]}}