{"id":9288,"date":"2023-02-16T17:34:21","date_gmt":"2023-02-16T17:34:21","guid":{"rendered":"https:\/\/www.hoteldewereld.nl\/business\/"},"modified":"2023-02-16T17:34:21","modified_gmt":"2023-02-16T17:34:21","slug":"business","status":"publish","type":"page","link":"https:\/\/www.hoteldewereld.nl\/de\/business\/","title":{"rendered":"Business"},"content":{"rendered":"<div class=\"wpb-content-wrapper\"><p>[vc_row css_animation=&#8220;&#8220; row_type=&#8220;row&#8220; use_row_as_full_screen_section=&#8220;no&#8220; type=&#8220;full_width&#8220; angled_section=&#8220;no&#8220; text_align=&#8220;left&#8220; background_image_as_pattern=&#8220;without_pattern&#8220;][vc_column width=&#8220;1\/4&#8243;]<div class=\"q_icon_list\"><i class=\"qode_icon_font_awesome fa fa-briefcase qode-ili-icon-holder transparent\" style=\"color: #000000;\" ><\/i><p style=\"\">Ausgezeichnete Zug\u00e4nglichkeit<\/p><\/div><div class=\"q_icon_list\"><i class=\"qode_icon_font_awesome fa fa-car qode-ili-icon-holder transparent\" style=\"color: #000000;\" ><\/i><p style=\"\">Sicheres Parken<\/p><\/div><div class=\"q_icon_list\"><i class=\"qode_icon_font_awesome fa fa-wifi qode-ili-icon-holder transparent\" style=\"color: #000000;\" ><\/i><p style=\"\">Kostenloses WIFI<\/p><\/div><div class=\"q_icon_list\"><i class=\"qode_icon_font_awesome fa fa-home qode-ili-icon-holder transparent\" style=\"color: #000000;\" ><\/i><p style=\"\">Inspirierender Standort<\/p><\/div>[\/vc_column][vc_column width=&#8220;3\/4&#8243;][vc_column_text]Ein nicht allt\u00e4gliches und inspirierendes Tagungsumfeld regt die Sinne an. Von Meetings in kleinen Gruppen bis hin zur Unterbringung gro\u00dfer Gruppen von bis zu 200 Personen: Mit seinen drei R\u00e4umen bietet das Hotel de Wereld jedem Unternehmen die M\u00f6glichkeit, sich zu treffen und zusammenzukommen. Alle Tagungsr\u00e4ume sind mit komfortablem und modernem Mobiliar sowie ausgezeichneter audiovisueller Ausstattung und kostenlosem Wi-Fi ausgestattet.[\/vc_column_text][vc_empty_space height=&#8220;10px&#8220;][vc_column_text]Das Hotel de Wereld Wereld eignet sich hervorragend, um Ihre Tagung oder Ihr Meeting mit einer <a href=\"http:\/\/www.hoteldewereld.nl\/hotel\/kamers\/\">\u00dcbernachtung in unserem Hotel <\/a> zu verbinden <a href=\"http:\/\/www.hoteldewereld.nl\/hotel\/kamers\/\">. <\/a> Wir verf\u00fcgen \u00fcber eine gro\u00dfe Auswahl an <a href=\"http:\/\/www.hoteldewereld.nl\/hotel\/kamers\/\">speziellen Zimmern<\/a> und bieten Ihnen gerne ein ma\u00dfgeschneidertes Paket an. Sind Sie neugierig auf unsere Leistungen? Kontaktieren Sie uns unverbindlich unter <a href=\"mailto:info@hoteldewereld.nl\">info@hoteldewereld.nl<\/a> oder telefonisch unter 0317 &#8211; 460 444[\/vc_column_text][\/vc_column][\/vc_row][vc_row css_animation=&#8220;&#8220; row_type=&#8220;row&#8220; use_row_as_full_screen_section=&#8220;no&#8220; type=&#8220;full_width&#8220; angled_section=&#8220;no&#8220; text_align=&#8220;left&#8220; background_image_as_pattern=&#8220;without_pattern&#8220;][vc_column][vc_empty_space height=&#8220;20px&#8220;][\/vc_column][\/vc_row][vc_row css_animation=&#8220;&#8220; row_type=&#8220;row&#8220; use_row_as_full_screen_section=&#8220;no&#8220; type=&#8220;full_width&#8220; angled_section=&#8220;no&#8220; text_align=&#8220;left&#8220; background_image_as_pattern=&#8220;without_pattern&#8220;][vc_column width=&#8220;1\/4&#8243;][vc_empty_space height=&#8220;20px&#8220;][\/vc_column][vc_column width=&#8220;1\/2&#8243;]<a  itemprop=\"url\" href=\"https:\/\/www.hoteldewereld.nl\/zaken\/vergaderen\/grote-capitulatiezaal\/\" target=\"_self\"  class=\"qbutton  white default\" style=\"\">Gro\u00dfe Kapitulationshalle<\/a>[vc_empty_space height=&#8220;20px&#8220;][\/vc_column][vc_column width=&#8220;1\/4&#8243;]<a  itemprop=\"url\" href=\"https:\/\/www.hoteldewereld.nl\/zaken\/vergaderen\/kleine-capitulatiezaal\/\" target=\"_self\"  class=\"qbutton  left white default\" style=\"\">Kleiner Kapitulationssaal<\/a>[vc_empty_space height=&#8220;20px&#8220;][\/vc_column][\/vc_row]<\/p>\n<\/div>","protected":false},"excerpt":{"rendered":"<p>[vc_row css_animation=&#8220;&#8220; row_type=&#8220;row&#8220; use_row_as_full_screen_section=&#8220;no&#8220; type=&#8220;full_width&#8220; angled_section=&#8220;no&#8220; text_align=&#8220;left&#8220; background_image_as_pattern=&#8220;without_pattern&#8220;][vc_column width=&#8220;1\/4&#8243;][\/vc_column][vc_column width=&#8220;3\/4&#8243;][vc_column_text]Ein nicht allt\u00e4gliches und inspirierendes Tagungsumfeld regt die Sinne an. Von Meetings in kleinen Gruppen bis hin zur Unterbringung gro\u00dfer Gruppen von bis zu 200 Personen: Mit seinen drei R\u00e4umen bietet das Hotel de Wereld jedem Unternehmen die M\u00f6glichkeit, sich zu&#8230;<\/p>\n","protected":false},"author":1,"featured_media":0,"parent":0,"menu_order":0,"comment_status":"closed","ping_status":"closed","template":"","meta":{"_acf_changed":false,"_joinchat":[],"footnotes":""},"class_list":["post-9288","page","type-page","status-publish","hentry"],"acf":[],"yoast_head":"<!-- This site is optimized with the Yoast SEO plugin v27.1.1 - https:\/\/yoast.com\/product\/yoast-seo-wordpress\/ -->\n<title>Business - Hotel de Wereld<\/title>\n<meta name=\"description\" content=\"Die Sitzungen in Doetinchem finden in der Villa Ruimzicht statt. Eine nicht allt\u00e4gliche und inspirierende Begegnungsumgebung, die Ihre Sinne anregt.\" \/>\n<meta name=\"robots\" content=\"index, follow, max-snippet:-1, max-image-preview:large, max-video-preview:-1\" \/>\n<link rel=\"canonical\" href=\"https:\/\/www.hoteldewereld.nl\/de\/business\/\" \/>\n<meta property=\"og:locale\" content=\"de_DE\" \/>\n<meta property=\"og:type\" content=\"article\" \/>\n<meta property=\"og:title\" content=\"Business - Hotel de Wereld\" \/>\n<meta property=\"og:description\" content=\"Die Sitzungen in Doetinchem finden in der Villa Ruimzicht statt. Eine nicht allt\u00e4gliche und inspirierende Begegnungsumgebung, die Ihre Sinne anregt.\" \/>\n<meta property=\"og:url\" content=\"https:\/\/www.hoteldewereld.nl\/de\/business\/\" \/>\n<meta property=\"og:site_name\" content=\"Hotel de Wereld\" \/>\n<meta name=\"twitter:card\" content=\"summary_large_image\" \/>\n<meta name=\"twitter:label1\" content=\"Gesch\u00e4tzte Lesezeit\" \/>\n\t<meta name=\"twitter:data1\" content=\"2\u00a0Minuten\" \/>\n<script type=\"application\/ld+json\" class=\"yoast-schema-graph\">{\"@context\":\"https:\/\/schema.org\",\"@graph\":[{\"@type\":\"WebPage\",\"@id\":\"https:\/\/www.hoteldewereld.nl\/de\/business\/\",\"url\":\"https:\/\/www.hoteldewereld.nl\/de\/business\/\",\"name\":\"Business - Hotel de Wereld\",\"isPartOf\":{\"@id\":\"https:\/\/www.hoteldewereld.nl\/de\/#website\"},\"datePublished\":\"2023-02-16T17:34:21+00:00\",\"description\":\"Die Sitzungen in Doetinchem finden in der Villa Ruimzicht statt. Eine nicht allt\u00e4gliche und inspirierende Begegnungsumgebung, die Ihre Sinne anregt.\",\"inLanguage\":\"de\",\"potentialAction\":[{\"@type\":\"ReadAction\",\"target\":[\"https:\/\/www.hoteldewereld.nl\/de\/business\/\"]}]},{\"@type\":\"WebSite\",\"@id\":\"https:\/\/www.hoteldewereld.nl\/de\/#website\",\"url\":\"https:\/\/www.hoteldewereld.nl\/de\/\",\"name\":\"Hotel de Wereld\",\"description\":\"Waar Vrijheid, Verwennen en Veluwe samenkomen\",\"potentialAction\":[{\"@type\":\"SearchAction\",\"target\":{\"@type\":\"EntryPoint\",\"urlTemplate\":\"https:\/\/www.hoteldewereld.nl\/de\/?s={search_term_string}\"},\"query-input\":{\"@type\":\"PropertyValueSpecification\",\"valueRequired\":true,\"valueName\":\"search_term_string\"}}],\"inLanguage\":\"de\"}]}<\/script>\n<!-- \/ Yoast SEO plugin. -->","yoast_head_json":{"title":"Business - Hotel de Wereld","description":"Die Sitzungen in Doetinchem finden in der Villa Ruimzicht statt. Eine nicht allt\u00e4gliche und inspirierende Begegnungsumgebung, die Ihre Sinne anregt.","robots":{"index":"index","follow":"follow","max-snippet":"max-snippet:-1","max-image-preview":"max-image-preview:large","max-video-preview":"max-video-preview:-1"},"canonical":"https:\/\/www.hoteldewereld.nl\/de\/business\/","og_locale":"de_DE","og_type":"article","og_title":"Business - Hotel de Wereld","og_description":"Die Sitzungen in Doetinchem finden in der Villa Ruimzicht statt. Eine nicht allt\u00e4gliche und inspirierende Begegnungsumgebung, die Ihre Sinne anregt.","og_url":"https:\/\/www.hoteldewereld.nl\/de\/business\/","og_site_name":"Hotel de Wereld","twitter_card":"summary_large_image","twitter_misc":{"Gesch\u00e4tzte Lesezeit":"2\u00a0Minuten"},"schema":{"@context":"https:\/\/schema.org","@graph":[{"@type":"WebPage","@id":"https:\/\/www.hoteldewereld.nl\/de\/business\/","url":"https:\/\/www.hoteldewereld.nl\/de\/business\/","name":"Business - Hotel de Wereld","isPartOf":{"@id":"https:\/\/www.hoteldewereld.nl\/de\/#website"},"datePublished":"2023-02-16T17:34:21+00:00","description":"Die Sitzungen in Doetinchem finden in der Villa Ruimzicht statt. Eine nicht allt\u00e4gliche und inspirierende Begegnungsumgebung, die Ihre Sinne anregt.","inLanguage":"de","potentialAction":[{"@type":"ReadAction","target":["https:\/\/www.hoteldewereld.nl\/de\/business\/"]}]},{"@type":"WebSite","@id":"https:\/\/www.hoteldewereld.nl\/de\/#website","url":"https:\/\/www.hoteldewereld.nl\/de\/","name":"Hotel de Wereld","description":"Waar Vrijheid, Verwennen en Veluwe samenkomen","potentialAction":[{"@type":"SearchAction","target":{"@type":"EntryPoint","urlTemplate":"https:\/\/www.hoteldewereld.nl\/de\/?s={search_term_string}"},"query-input":{"@type":"PropertyValueSpecification","valueRequired":true,"valueName":"search_term_string"}}],"inLanguage":"de"}]}},"_links":{"self":[{"href":"https:\/\/www.hoteldewereld.nl\/de\/wp-json\/wp\/v2\/pages\/9288","targetHints":{"allow":["GET"]}}],"collection":[{"href":"https:\/\/www.hoteldewereld.nl\/de\/wp-json\/wp\/v2\/pages"}],"about":[{"href":"https:\/\/www.hoteldewereld.nl\/de\/wp-json\/wp\/v2\/types\/page"}],"author":[{"embeddable":true,"href":"https:\/\/www.hoteldewereld.nl\/de\/wp-json\/wp\/v2\/users\/1"}],"replies":[{"embeddable":true,"href":"https:\/\/www.hoteldewereld.nl\/de\/wp-json\/wp\/v2\/comments?post=9288"}],"version-history":[{"count":2,"href":"https:\/\/www.hoteldewereld.nl\/de\/wp-json\/wp\/v2\/pages\/9288\/revisions"}],"predecessor-version":[{"id":9290,"href":"https:\/\/www.hoteldewereld.nl\/de\/wp-json\/wp\/v2\/pages\/9288\/revisions\/9290"}],"wp:attachment":[{"href":"https:\/\/www.hoteldewereld.nl\/de\/wp-json\/wp\/v2\/media?parent=9288"}],"curies":[{"name":"wp","href":"https:\/\/api.w.org\/{rel}","templated":true}]}}