{"id":9191,"date":"2023-02-16T15:40:51","date_gmt":"2023-02-16T15:40:51","guid":{"rendered":"https:\/\/www.hoteldewereld.nl\/luxurioses-zimmer\/"},"modified":"2023-02-16T17:26:12","modified_gmt":"2023-02-16T17:26:12","slug":"luxurioses-zimmer","status":"publish","type":"page","link":"https:\/\/www.hoteldewereld.nl\/de\/uebernachten\/zimmer\/luxurioses-zimmer\/","title":{"rendered":"Luxuri\u00f6ses Zimmer"},"content":{"rendered":"<div class=\"wpb-content-wrapper\"><p>[vc_row css_animation=&#8220;&#8220; row_type=&#8220;row&#8220; use_row_as_full_screen_section=&#8220;no&#8220; type=&#8220;full_width&#8220; angled_section=&#8220;no&#8220; text_align=&#8220;left&#8220; background_image_as_pattern=&#8220;without_pattern&#8220;][vc_column][vc_column_text]<\/p>\n<p style=\"text-align: center;\">Die sechs luxuri\u00f6sen Zimmer bieten Ihnen viele M\u00f6glichkeiten, die Einrichtungen des Hotel de Wereld und seine Umgebung zu genie\u00dfen. Unsere luxuri\u00f6sen Zimmer sind modern und ger\u00e4umig eingerichtet. Unsere luxuri\u00f6sen Zimmer befinden sich gr\u00f6\u00dftenteils in der ersten Etage unseres Hotels. Unsere luxuri\u00f6sen Zimmer verf\u00fcgen \u00fcber zahlreiche Einrichtungen, um Ihren Aufenthalt so angenehm wie m\u00f6glich zu gestalten.<\/p>\n<p>[\/vc_column_text][vc_empty_space height=&#8220;50px&#8220;][\/vc_column][\/vc_row][vc_row css_animation=&#8220;&#8220; row_type=&#8220;row&#8220; use_row_as_full_screen_section=&#8220;no&#8220; type=&#8220;full_width&#8220; angled_section=&#8220;no&#8220; text_align=&#8220;left&#8220; background_image_as_pattern=&#8220;without_pattern&#8220;][vc_column width=&#8220;1\/3&#8243;][vc_gallery interval=&#8220;3&#8243; images=&#8220;6738,6735,6201&#8243; img_size=&#8220;400&#215;400&#8243;][\/vc_column][vc_column width=&#8220;1\/3&#8243;][vc_column_text]<strong>LUXUSZIMMER<\/strong><\/p>\n<ul>\n<li>Klimatisierung<\/li>\n<li>Kostenloses WiFi<\/li>\n<li>Sitzgelegenheiten im Raum<\/li>\n<li>B\u00fcro<\/li>\n<li>Kaffee- und Teezubereitungsm\u00f6glichkeiten<\/li>\n<li>Minibar<\/li>\n<li>Boxspring-Betten<\/li>\n<li>Flachbildschirm-TV mit Netflix<\/li>\n<li>Klimatisierung<\/li>\n<li>Begehbare Dusche<\/li>\n<li>Haartrockner<\/li>\n<\/ul>\n<p>[\/vc_column_text][\/vc_column][vc_column width=&#8220;1\/3&#8243;][vc_column_text]<strong>HOTELANLAGEN<\/strong><\/p>\n<ul>\n<li>Einchecken 15:00 bis 00:00<\/li>\n<li>Auschecken 11:00 Uhr.<\/li>\n<li>Fr\u00fchst\u00fccksbuffet<\/li>\n<li>Nicht-Raucher-Zimmer<\/li>\n<li>Kostenloses WIFI<\/li>\n<li>Restaurant und Aufenthaltsraum<\/li>\n<li>Terrasse<\/li>\n<li>Zimmerservice<\/li>\n<li>Sicheres Parken<\/li>\n<\/ul>\n<p>[\/vc_column_text][\/vc_column][\/vc_row][vc_row css_animation=&#8220;&#8220; row_type=&#8220;row&#8220; use_row_as_full_screen_section=&#8220;no&#8220; type=&#8220;full_width&#8220; angled_section=&#8220;no&#8220; text_align=&#8220;left&#8220; background_image_as_pattern=&#8220;without_pattern&#8220;][vc_column][vc_empty_space height=&#8220;20px&#8220;][\/vc_column][\/vc_row][vc_row css_animation=&#8220;&#8220; row_type=&#8220;row&#8220; use_row_as_full_screen_section=&#8220;no&#8220; type=&#8220;full_width&#8220; angled_section=&#8220;no&#8220; text_align=&#8220;left&#8220; background_image_as_pattern=&#8220;without_pattern&#8220;][vc_column][vc_column_text]<\/p>\n<h3 style=\"text-align: center;\">Was halten andere von unserem Hotel?<\/h3>\n<p>[\/vc_column_text]<div class='blog_slider_holder clearfix '><div class='blog_slider blog_slider_carousel' data-blogs_shown='3' data-auto_start='false'><ul class='blog_slides'>Sorry, no posts matched your criteria.<\/ul><\/div><\/div>[vc_empty_space height=&#8220;20px&#8220;][\/vc_column][\/vc_row]<\/p>\n<\/div>","protected":false},"excerpt":{"rendered":"<p>[vc_row css_animation=&#8220;&#8220; row_type=&#8220;row&#8220; use_row_as_full_screen_section=&#8220;no&#8220; type=&#8220;full_width&#8220; angled_section=&#8220;no&#8220; text_align=&#8220;left&#8220; background_image_as_pattern=&#8220;without_pattern&#8220;][vc_column][vc_column_text] Die sechs luxuri\u00f6sen Zimmer bieten Ihnen viele M\u00f6glichkeiten, die Einrichtungen des Hotel de Wereld und seine Umgebung zu genie\u00dfen. Unsere luxuri\u00f6sen Zimmer sind modern und ger\u00e4umig eingerichtet. Unsere luxuri\u00f6sen Zimmer befinden sich gr\u00f6\u00dftenteils in der ersten Etage unseres Hotels. Unsere luxuri\u00f6sen Zimmer&#8230;<\/p>\n","protected":false},"author":4,"featured_media":0,"parent":9331,"menu_order":0,"comment_status":"closed","ping_status":"closed","template":"page_hotel.php","meta":{"_acf_changed":false,"_joinchat":[],"footnotes":""},"class_list":["post-9191","page","type-page","status-publish","hentry"],"acf":[],"yoast_head":"<!-- This site is optimized with the Yoast SEO plugin v27.1.1 - https:\/\/yoast.com\/product\/yoast-seo-wordpress\/ -->\n<title>Luxuri\u00f6ses Zimmer - Hotel de Wereld<\/title>\n<meta name=\"description\" content=\"Genie\u00dfen Sie die Stadt Wageningen in einem der luxuri\u00f6sen Zimmer des Hotel de Wereld Wereld. Ausgestattet mit allen Einrichtungen f\u00fcr eine romantische oder gesch\u00e4ftliche \u00dcbernachtung.\" \/>\n<meta name=\"robots\" content=\"index, follow, max-snippet:-1, max-image-preview:large, max-video-preview:-1\" \/>\n<link rel=\"canonical\" href=\"https:\/\/www.hoteldewereld.nl\/de\/uebernachten\/zimmer\/luxurioses-zimmer\/\" \/>\n<meta property=\"og:locale\" content=\"de_DE\" \/>\n<meta property=\"og:type\" content=\"article\" \/>\n<meta property=\"og:title\" content=\"Luxuri\u00f6ses Zimmer - Hotel de Wereld\" \/>\n<meta property=\"og:description\" content=\"Genie\u00dfen Sie die Stadt Wageningen in einem der luxuri\u00f6sen Zimmer des Hotel de Wereld Wereld. Ausgestattet mit allen Einrichtungen f\u00fcr eine romantische oder gesch\u00e4ftliche \u00dcbernachtung.\" \/>\n<meta property=\"og:url\" content=\"https:\/\/www.hoteldewereld.nl\/de\/uebernachten\/zimmer\/luxurioses-zimmer\/\" \/>\n<meta property=\"og:site_name\" content=\"Hotel de Wereld\" \/>\n<meta property=\"article:modified_time\" content=\"2023-02-16T17:26:12+00:00\" \/>\n<meta name=\"twitter:card\" content=\"summary_large_image\" \/>\n<meta name=\"twitter:label1\" content=\"Gesch\u00e4tzte Lesezeit\" \/>\n\t<meta name=\"twitter:data1\" content=\"2\u00a0Minuten\" \/>\n<script type=\"application\/ld+json\" class=\"yoast-schema-graph\">{\"@context\":\"https:\/\/schema.org\",\"@graph\":[{\"@type\":\"WebPage\",\"@id\":\"https:\/\/www.hoteldewereld.nl\/de\/uebernachten\/zimmer\/luxurioses-zimmer\/\",\"url\":\"https:\/\/www.hoteldewereld.nl\/de\/uebernachten\/zimmer\/luxurioses-zimmer\/\",\"name\":\"Luxuri\u00f6ses Zimmer - Hotel de Wereld\",\"isPartOf\":{\"@id\":\"https:\/\/www.hoteldewereld.nl\/de\/#website\"},\"datePublished\":\"2023-02-16T15:40:51+00:00\",\"dateModified\":\"2023-02-16T17:26:12+00:00\",\"description\":\"Genie\u00dfen Sie die Stadt Wageningen in einem der luxuri\u00f6sen Zimmer des Hotel de Wereld Wereld. Ausgestattet mit allen Einrichtungen f\u00fcr eine romantische oder gesch\u00e4ftliche \u00dcbernachtung.\",\"inLanguage\":\"de\",\"potentialAction\":[{\"@type\":\"ReadAction\",\"target\":[\"https:\/\/www.hoteldewereld.nl\/de\/uebernachten\/zimmer\/luxurioses-zimmer\/\"]}]},{\"@type\":\"WebSite\",\"@id\":\"https:\/\/www.hoteldewereld.nl\/de\/#website\",\"url\":\"https:\/\/www.hoteldewereld.nl\/de\/\",\"name\":\"Hotel de Wereld\",\"description\":\"Waar Vrijheid, Verwennen en Veluwe samenkomen\",\"potentialAction\":[{\"@type\":\"SearchAction\",\"target\":{\"@type\":\"EntryPoint\",\"urlTemplate\":\"https:\/\/www.hoteldewereld.nl\/de\/?s={search_term_string}\"},\"query-input\":{\"@type\":\"PropertyValueSpecification\",\"valueRequired\":true,\"valueName\":\"search_term_string\"}}],\"inLanguage\":\"de\"}]}<\/script>\n<!-- \/ Yoast SEO plugin. -->","yoast_head_json":{"title":"Luxuri\u00f6ses Zimmer - Hotel de Wereld","description":"Genie\u00dfen Sie die Stadt Wageningen in einem der luxuri\u00f6sen Zimmer des Hotel de Wereld Wereld. Ausgestattet mit allen Einrichtungen f\u00fcr eine romantische oder gesch\u00e4ftliche \u00dcbernachtung.","robots":{"index":"index","follow":"follow","max-snippet":"max-snippet:-1","max-image-preview":"max-image-preview:large","max-video-preview":"max-video-preview:-1"},"canonical":"https:\/\/www.hoteldewereld.nl\/de\/uebernachten\/zimmer\/luxurioses-zimmer\/","og_locale":"de_DE","og_type":"article","og_title":"Luxuri\u00f6ses Zimmer - Hotel de Wereld","og_description":"Genie\u00dfen Sie die Stadt Wageningen in einem der luxuri\u00f6sen Zimmer des Hotel de Wereld Wereld. Ausgestattet mit allen Einrichtungen f\u00fcr eine romantische oder gesch\u00e4ftliche \u00dcbernachtung.","og_url":"https:\/\/www.hoteldewereld.nl\/de\/uebernachten\/zimmer\/luxurioses-zimmer\/","og_site_name":"Hotel de Wereld","article_modified_time":"2023-02-16T17:26:12+00:00","twitter_card":"summary_large_image","twitter_misc":{"Gesch\u00e4tzte Lesezeit":"2\u00a0Minuten"},"schema":{"@context":"https:\/\/schema.org","@graph":[{"@type":"WebPage","@id":"https:\/\/www.hoteldewereld.nl\/de\/uebernachten\/zimmer\/luxurioses-zimmer\/","url":"https:\/\/www.hoteldewereld.nl\/de\/uebernachten\/zimmer\/luxurioses-zimmer\/","name":"Luxuri\u00f6ses Zimmer - Hotel de Wereld","isPartOf":{"@id":"https:\/\/www.hoteldewereld.nl\/de\/#website"},"datePublished":"2023-02-16T15:40:51+00:00","dateModified":"2023-02-16T17:26:12+00:00","description":"Genie\u00dfen Sie die Stadt Wageningen in einem der luxuri\u00f6sen Zimmer des Hotel de Wereld Wereld. Ausgestattet mit allen Einrichtungen f\u00fcr eine romantische oder gesch\u00e4ftliche \u00dcbernachtung.","inLanguage":"de","potentialAction":[{"@type":"ReadAction","target":["https:\/\/www.hoteldewereld.nl\/de\/uebernachten\/zimmer\/luxurioses-zimmer\/"]}]},{"@type":"WebSite","@id":"https:\/\/www.hoteldewereld.nl\/de\/#website","url":"https:\/\/www.hoteldewereld.nl\/de\/","name":"Hotel de Wereld","description":"Waar Vrijheid, Verwennen en Veluwe samenkomen","potentialAction":[{"@type":"SearchAction","target":{"@type":"EntryPoint","urlTemplate":"https:\/\/www.hoteldewereld.nl\/de\/?s={search_term_string}"},"query-input":{"@type":"PropertyValueSpecification","valueRequired":true,"valueName":"search_term_string"}}],"inLanguage":"de"}]}},"_links":{"self":[{"href":"https:\/\/www.hoteldewereld.nl\/de\/wp-json\/wp\/v2\/pages\/9191","targetHints":{"allow":["GET"]}}],"collection":[{"href":"https:\/\/www.hoteldewereld.nl\/de\/wp-json\/wp\/v2\/pages"}],"about":[{"href":"https:\/\/www.hoteldewereld.nl\/de\/wp-json\/wp\/v2\/types\/page"}],"author":[{"embeddable":true,"href":"https:\/\/www.hoteldewereld.nl\/de\/wp-json\/wp\/v2\/users\/4"}],"replies":[{"embeddable":true,"href":"https:\/\/www.hoteldewereld.nl\/de\/wp-json\/wp\/v2\/comments?post=9191"}],"version-history":[{"count":5,"href":"https:\/\/www.hoteldewereld.nl\/de\/wp-json\/wp\/v2\/pages\/9191\/revisions"}],"predecessor-version":[{"id":9208,"href":"https:\/\/www.hoteldewereld.nl\/de\/wp-json\/wp\/v2\/pages\/9191\/revisions\/9208"}],"up":[{"embeddable":true,"href":"https:\/\/www.hoteldewereld.nl\/de\/wp-json\/wp\/v2\/pages\/9331"}],"wp:attachment":[{"href":"https:\/\/www.hoteldewereld.nl\/de\/wp-json\/wp\/v2\/media?parent=9191"}],"curies":[{"name":"wp","href":"https:\/\/api.w.org\/{rel}","templated":true}]}}