{"id":9187,"date":"2023-02-16T15:40:51","date_gmt":"2023-02-16T15:40:51","guid":{"rendered":"https:\/\/www.hoteldewereld.nl\/contact\/in-den-medien\/"},"modified":"2023-02-16T17:26:11","modified_gmt":"2023-02-16T17:26:11","slug":"in-den-medien","status":"publish","type":"page","link":"https:\/\/www.hoteldewereld.nl\/de\/contact\/in-den-medien\/","title":{"rendered":"In den Medien"},"content":{"rendered":"<div class=\"wpb-content-wrapper\"><p>[vc_row css_animation=&#8220;&#8220; row_type=&#8220;row&#8220; use_row_as_full_screen_section=&#8220;no&#8220; type=&#8220;full_width&#8220; angled_section=&#8220;no&#8220; text_align=&#8220;left&#8220; background_image_as_pattern=&#8220;without_pattern&#8220;][vc_column][vc_column_text]Hotel de Wereld ist regelm\u00e4\u00dfig in den Medien vertreten. Auf dieser Seite finden Sie verschiedene Artikel und Nachrichten, in denen unser Hotel erw\u00e4hnt wird. M\u00f6chten Sie mehr erfahren? Kontaktieren Sie<a href=\"http:\/\/www.hoteldewereld.nl\/contact\/\"> uns <\/a>oder werfen Sie einen Blick in unseren <a href=\"https:\/\/pressroom.misspublicity.nl\/him\/hotel-de-wereld-een-plek-met-een-verhaal\/\">Presseraum<\/a>.[\/vc_column_text][vc_empty_space][\/vc_column][\/vc_row][vc_row css_animation=&#8220;&#8220; row_type=&#8220;row&#8220; use_row_as_full_screen_section=&#8220;no&#8220; type=&#8220;full_width&#8220; angled_section=&#8220;no&#8220; text_align=&#8220;left&#8220; background_image_as_pattern=&#8220;without_pattern&#8220;][vc_column width=&#8220;1\/3&#8243;][vc_column_text]<strong>Stadt der Befreiung<\/strong>[\/vc_column_text][vc_empty_space][vc_single_image image=&#8220;7027&#8243; img_size=&#8220;full&#8220; qode_css_animation=&#8220;&#8220;][vc_empty_space]<a  itemprop=\"url\" href=\"https:\/\/www.tracesofwar.nl\/sights\/448\/Hotel-De-Wereld-Wageningen.htm\" target=\"_self\"  class=\"qbutton  default\" style=\"\">Siehe<\/a>[\/vc_column][vc_column width=&#8220;1\/3&#8243;][vc_column_text]<strong>Hospitality Inspiration Society neue Betreiber Hotel The World<\/strong>[\/vc_column_text][vc_single_image image=&#8220;6198&#8243; img_size=&#8220;full&#8220; qode_css_animation=&#8220;&#8220;][vc_empty_space]<a  itemprop=\"url\" href=\"https:\/\/wageningen.nieuws.nl\/zakelijk\/34543\/horeca-inspiratie-maatschappij-nieuwe-exploitanten-hotel-de-wereld\/\" target=\"_self\"  class=\"qbutton  default\" style=\"\">Siehe<\/a>[\/vc_column][vc_column width=&#8220;1\/3&#8243;][vc_column_text]<strong>Die deutsche Kapitulation<\/strong>[\/vc_column_text][vc_empty_space][vc_single_image image=&#8220;6303&#8243; img_size=&#8220;full&#8220; qode_css_animation=&#8220;&#8220;][vc_empty_space]<a  itemprop=\"url\" href=\"https:\/\/liberationroute.nl\/the-netherlands\/pois\/t\/the-german-capitulation-hotel-de-wereld\" target=\"_self\"  class=\"qbutton  default\" style=\"\">Siehe<\/a>[\/vc_column][vc_column][vc_row_inner row_type=&#8220;row&#8220; type=&#8220;full_width&#8220; text_align=&#8220;left&#8220; css_animation=&#8220;&#8220;][vc_column_inner][vc_empty_space][\/vc_column_inner][\/vc_row_inner][\/vc_column][\/vc_row][vc_row css_animation=&#8220;&#8220; row_type=&#8220;row&#8220; use_row_as_full_screen_section=&#8220;no&#8220; type=&#8220;full_width&#8220; angled_section=&#8220;no&#8220; text_align=&#8220;left&#8220; background_image_as_pattern=&#8220;without_pattern&#8220;][vc_column width=&#8220;1\/3&#8243;][vc_column_text]<strong>Neue Eigent\u00fcmer des ber\u00fchmten Hotels in Wageningen: De Wereld draait door und soll lebendiger werden<\/strong>[\/vc_column_text][vc_single_image image=&#8220;7037&#8243; img_size=&#8220;full&#8220; qode_css_animation=&#8220;&#8220;][vc_empty_space]<a  itemprop=\"url\" href=\"https:\/\/www.gelderlander.nl\/wageningen\/nieuwe-eigenaren-van-beroemd-wagenings-hotel-de-wereld-draait-door-en-moet-meer-gaan-bruisen~a886d103\/177280832\/\" target=\"_self\"  class=\"qbutton  default\" style=\"\">Siehe<\/a>[\/vc_column][vc_column][vc_row_inner row_type=&#8220;row&#8220; type=&#8220;full_width&#8220; text_align=&#8220;left&#8220; css_animation=&#8220;&#8220;][vc_column_inner][vc_empty_space][\/vc_column_inner][\/vc_row_inner][\/vc_column][\/vc_row]<\/p>\n<\/div>","protected":false},"excerpt":{"rendered":"<p>[vc_row css_animation=&#8220;&#8220; row_type=&#8220;row&#8220; use_row_as_full_screen_section=&#8220;no&#8220; type=&#8220;full_width&#8220; angled_section=&#8220;no&#8220; text_align=&#8220;left&#8220; background_image_as_pattern=&#8220;without_pattern&#8220;][vc_column][vc_column_text]Hotel de Wereld ist regelm\u00e4\u00dfig in den Medien vertreten. Auf dieser Seite finden Sie verschiedene Artikel und Nachrichten, in denen unser Hotel erw\u00e4hnt wird. M\u00f6chten Sie mehr erfahren? Kontaktieren Sie uns oder werfen Sie einen Blick in unseren Presseraum.[\/vc_column_text][vc_empty_space][\/vc_column][\/vc_row][vc_row css_animation=&#8220;&#8220; row_type=&#8220;row&#8220; use_row_as_full_screen_section=&#8220;no&#8220; type=&#8220;full_width&#8220;&#8230;<\/p>\n","protected":false},"author":1,"featured_media":0,"parent":3078,"menu_order":0,"comment_status":"closed","ping_status":"closed","template":"","meta":{"_acf_changed":false,"_joinchat":[],"footnotes":""},"class_list":["post-9187","page","type-page","status-publish","hentry"],"acf":[],"yoast_head":"<!-- This site is optimized with the Yoast SEO plugin v27.1.1 - https:\/\/yoast.com\/product\/yoast-seo-wordpress\/ -->\n<title>In den Medien - Hotel de Wereld<\/title>\n<meta name=\"description\" content=\"Das Hotel de Wereld in Wageningen ist regelm\u00e4\u00dfig in den Medien. Auf dieser Seite finden Sie alle Artikel, Nachrichten und Interviews, die in den Medien erschienen sind. Kontaktieren Sie uns f\u00fcr weitere Informationen.\" \/>\n<meta name=\"robots\" content=\"index, follow, max-snippet:-1, max-image-preview:large, max-video-preview:-1\" \/>\n<link rel=\"canonical\" href=\"https:\/\/www.hoteldewereld.nl\/de\/contact\/in-den-medien\/\" \/>\n<meta property=\"og:locale\" content=\"de_DE\" \/>\n<meta property=\"og:type\" content=\"article\" \/>\n<meta property=\"og:title\" content=\"In den Medien - Hotel de Wereld\" \/>\n<meta property=\"og:description\" content=\"Das Hotel de Wereld in Wageningen ist regelm\u00e4\u00dfig in den Medien. Auf dieser Seite finden Sie alle Artikel, Nachrichten und Interviews, die in den Medien erschienen sind. Kontaktieren Sie uns f\u00fcr weitere Informationen.\" \/>\n<meta property=\"og:url\" content=\"https:\/\/www.hoteldewereld.nl\/de\/contact\/in-den-medien\/\" \/>\n<meta property=\"og:site_name\" content=\"Hotel de Wereld\" \/>\n<meta property=\"article:modified_time\" content=\"2023-02-16T17:26:11+00:00\" \/>\n<meta name=\"twitter:card\" content=\"summary_large_image\" \/>\n<meta name=\"twitter:label1\" content=\"Gesch\u00e4tzte Lesezeit\" \/>\n\t<meta name=\"twitter:data1\" content=\"2\u00a0Minuten\" \/>\n<script type=\"application\/ld+json\" class=\"yoast-schema-graph\">{\"@context\":\"https:\/\/schema.org\",\"@graph\":[{\"@type\":\"WebPage\",\"@id\":\"https:\/\/www.hoteldewereld.nl\/de\/contact\/in-den-medien\/\",\"url\":\"https:\/\/www.hoteldewereld.nl\/de\/contact\/in-den-medien\/\",\"name\":\"In den Medien - Hotel de Wereld\",\"isPartOf\":{\"@id\":\"https:\/\/www.hoteldewereld.nl\/de\/#website\"},\"datePublished\":\"2023-02-16T15:40:51+00:00\",\"dateModified\":\"2023-02-16T17:26:11+00:00\",\"description\":\"Das Hotel de Wereld in Wageningen ist regelm\u00e4\u00dfig in den Medien. Auf dieser Seite finden Sie alle Artikel, Nachrichten und Interviews, die in den Medien erschienen sind. Kontaktieren Sie uns f\u00fcr weitere Informationen.\",\"breadcrumb\":{\"@id\":\"https:\/\/www.hoteldewereld.nl\/de\/contact\/in-den-medien\/#breadcrumb\"},\"inLanguage\":\"de\",\"potentialAction\":[{\"@type\":\"ReadAction\",\"target\":[\"https:\/\/www.hoteldewereld.nl\/de\/contact\/in-den-medien\/\"]}]},{\"@type\":\"BreadcrumbList\",\"@id\":\"https:\/\/www.hoteldewereld.nl\/de\/contact\/in-den-medien\/#breadcrumb\",\"itemListElement\":[{\"@type\":\"ListItem\",\"position\":1,\"name\":\"Contact\",\"item\":\"https:\/\/www.hoteldewereld.nl\/de\/contact\/\"},{\"@type\":\"ListItem\",\"position\":2,\"name\":\"In den Medien\"}]},{\"@type\":\"WebSite\",\"@id\":\"https:\/\/www.hoteldewereld.nl\/de\/#website\",\"url\":\"https:\/\/www.hoteldewereld.nl\/de\/\",\"name\":\"Hotel de Wereld\",\"description\":\"Waar Vrijheid, Verwennen en Veluwe samenkomen\",\"potentialAction\":[{\"@type\":\"SearchAction\",\"target\":{\"@type\":\"EntryPoint\",\"urlTemplate\":\"https:\/\/www.hoteldewereld.nl\/de\/?s={search_term_string}\"},\"query-input\":{\"@type\":\"PropertyValueSpecification\",\"valueRequired\":true,\"valueName\":\"search_term_string\"}}],\"inLanguage\":\"de\"}]}<\/script>\n<!-- \/ Yoast SEO plugin. -->","yoast_head_json":{"title":"In den Medien - Hotel de Wereld","description":"Das Hotel de Wereld in Wageningen ist regelm\u00e4\u00dfig in den Medien. Auf dieser Seite finden Sie alle Artikel, Nachrichten und Interviews, die in den Medien erschienen sind. Kontaktieren Sie uns f\u00fcr weitere Informationen.","robots":{"index":"index","follow":"follow","max-snippet":"max-snippet:-1","max-image-preview":"max-image-preview:large","max-video-preview":"max-video-preview:-1"},"canonical":"https:\/\/www.hoteldewereld.nl\/de\/contact\/in-den-medien\/","og_locale":"de_DE","og_type":"article","og_title":"In den Medien - Hotel de Wereld","og_description":"Das Hotel de Wereld in Wageningen ist regelm\u00e4\u00dfig in den Medien. Auf dieser Seite finden Sie alle Artikel, Nachrichten und Interviews, die in den Medien erschienen sind. Kontaktieren Sie uns f\u00fcr weitere Informationen.","og_url":"https:\/\/www.hoteldewereld.nl\/de\/contact\/in-den-medien\/","og_site_name":"Hotel de Wereld","article_modified_time":"2023-02-16T17:26:11+00:00","twitter_card":"summary_large_image","twitter_misc":{"Gesch\u00e4tzte Lesezeit":"2\u00a0Minuten"},"schema":{"@context":"https:\/\/schema.org","@graph":[{"@type":"WebPage","@id":"https:\/\/www.hoteldewereld.nl\/de\/contact\/in-den-medien\/","url":"https:\/\/www.hoteldewereld.nl\/de\/contact\/in-den-medien\/","name":"In den Medien - Hotel de Wereld","isPartOf":{"@id":"https:\/\/www.hoteldewereld.nl\/de\/#website"},"datePublished":"2023-02-16T15:40:51+00:00","dateModified":"2023-02-16T17:26:11+00:00","description":"Das Hotel de Wereld in Wageningen ist regelm\u00e4\u00dfig in den Medien. Auf dieser Seite finden Sie alle Artikel, Nachrichten und Interviews, die in den Medien erschienen sind. Kontaktieren Sie uns f\u00fcr weitere Informationen.","breadcrumb":{"@id":"https:\/\/www.hoteldewereld.nl\/de\/contact\/in-den-medien\/#breadcrumb"},"inLanguage":"de","potentialAction":[{"@type":"ReadAction","target":["https:\/\/www.hoteldewereld.nl\/de\/contact\/in-den-medien\/"]}]},{"@type":"BreadcrumbList","@id":"https:\/\/www.hoteldewereld.nl\/de\/contact\/in-den-medien\/#breadcrumb","itemListElement":[{"@type":"ListItem","position":1,"name":"Contact","item":"https:\/\/www.hoteldewereld.nl\/de\/contact\/"},{"@type":"ListItem","position":2,"name":"In den Medien"}]},{"@type":"WebSite","@id":"https:\/\/www.hoteldewereld.nl\/de\/#website","url":"https:\/\/www.hoteldewereld.nl\/de\/","name":"Hotel de Wereld","description":"Waar Vrijheid, Verwennen en Veluwe samenkomen","potentialAction":[{"@type":"SearchAction","target":{"@type":"EntryPoint","urlTemplate":"https:\/\/www.hoteldewereld.nl\/de\/?s={search_term_string}"},"query-input":{"@type":"PropertyValueSpecification","valueRequired":true,"valueName":"search_term_string"}}],"inLanguage":"de"}]}},"_links":{"self":[{"href":"https:\/\/www.hoteldewereld.nl\/de\/wp-json\/wp\/v2\/pages\/9187","targetHints":{"allow":["GET"]}}],"collection":[{"href":"https:\/\/www.hoteldewereld.nl\/de\/wp-json\/wp\/v2\/pages"}],"about":[{"href":"https:\/\/www.hoteldewereld.nl\/de\/wp-json\/wp\/v2\/types\/page"}],"author":[{"embeddable":true,"href":"https:\/\/www.hoteldewereld.nl\/de\/wp-json\/wp\/v2\/users\/1"}],"replies":[{"embeddable":true,"href":"https:\/\/www.hoteldewereld.nl\/de\/wp-json\/wp\/v2\/comments?post=9187"}],"version-history":[{"count":5,"href":"https:\/\/www.hoteldewereld.nl\/de\/wp-json\/wp\/v2\/pages\/9187\/revisions"}],"predecessor-version":[{"id":9204,"href":"https:\/\/www.hoteldewereld.nl\/de\/wp-json\/wp\/v2\/pages\/9187\/revisions\/9204"}],"up":[{"embeddable":true,"href":"https:\/\/www.hoteldewereld.nl\/de\/wp-json\/wp\/v2\/pages\/3078"}],"wp:attachment":[{"href":"https:\/\/www.hoteldewereld.nl\/de\/wp-json\/wp\/v2\/media?parent=9187"}],"curies":[{"name":"wp","href":"https:\/\/api.w.org\/{rel}","templated":true}]}}